{"id":636,"date":"2026-01-02T12:51:05","date_gmt":"2026-01-02T11:51:05","guid":{"rendered":"https:\/\/lecoquette.adrirodrigom6.es\/?post_type=product&#038;p=636"},"modified":"2026-01-02T12:51:05","modified_gmt":"2026-01-02T11:51:05","slug":"femwell-drenatox","status":"publish","type":"product","link":"https:\/\/lecoquette.adrirodrigom6.es\/es\/producto\/femwell-drenatox\/","title":{"rendered":"FemWell DrenaTox"},"content":{"rendered":"<p>Complemento alimenticio l\u00edquido formulado con una combinaci\u00f3n de extractos vegetales tradicionalmente utilizados en planes de drenaje y control de l\u00edquidos, como rompepiedras, zarzaparrilla, diente de le\u00f3n y cola de caballo.<\/p>\n<p>Se puede tomar solo o diluido en agua a lo largo del d\u00eda, como parte de un estilo de vida saludable y una dieta equilibrada.<\/p>\n<p><strong>Principios activos destacados (por dosis diaria de 30 ml)<\/strong><br \/>\nRompepiedras E.F. 0,31 ml.<br \/>\nZarzaparrilla E.S. (10:1; 10% polifenoles) 75 mg.<br \/>\nDiente de le\u00f3n E.S. (11:1; 2% inulina) 75 mg.<br \/>\nOrtiga verde E.S. (10:1; 1% s\u00edlica) 75 mg.<br \/>\nCola de caballo E.S. (5:1; 7% s\u00edlica) 75 mg.<\/p>\n<p><strong>Uso<\/strong><br \/>\nDosis diaria recomendada: 20\u201330 ml al d\u00eda.<\/p>\n<p>C\u00f3mo tomarlo:<br \/>\nTomar directamente o mezclado con agua o infusi\u00f3n.<br \/>\nTambi\u00e9n se puede diluir la dosis en 1,5 L de agua y beberla poco a poco durante todo el d\u00eda.<br \/>\nAgitar bien antes de usar.<\/p>\n<p>Contiene 500ml<\/p>\n","protected":false},"excerpt":{"rendered":"<p>Reductor Drenante a base de Plantas<\/p>\n","protected":false},"featured_media":637,"template":"","meta":[],"product_brand":[],"product_cat":[18],"product_tag":[],"class_list":{"0":"post-636","1":"product","2":"type-product","3":"status-publish","4":"has-post-thumbnail","6":"product_cat-autocuidado","8":"first","9":"instock","10":"taxable","11":"shipping-taxable","12":"purchasable","13":"product-type-simple"},"yoast_head":"<!-- This site is optimized with the Yoast SEO plugin v27.3 - https:\/\/yoast.com\/product\/yoast-seo-wordpress\/ -->\n<title>FemWell DrenaTox - Le Coquette<\/title>\n<meta name=\"robots\" content=\"noindex, follow, max-snippet:-1, max-image-preview:large, max-video-preview:-1\" \/>\n<meta property=\"og:locale\" content=\"es_ES\" \/>\n<meta property=\"og:type\" content=\"article\" \/>\n<meta property=\"og:title\" content=\"FemWell DrenaTox - Le Coquette\" \/>\n<meta property=\"og:description\" content=\"Reductor Drenante a base de Plantas\" \/>\n<meta property=\"og:url\" content=\"https:\/\/lecoquette.adrirodrigom6.es\/es\/producto\/femwell-drenatox\/\" \/>\n<meta property=\"og:site_name\" content=\"Le Coquette\" \/>\n<meta property=\"og:image\" content=\"https:\/\/lecoquette.adrirodrigom6.es\/wp-content\/uploads\/2026\/01\/FemWell-DrenaTox-.jpg\" \/>\n\t<meta property=\"og:image:width\" content=\"830\" \/>\n\t<meta property=\"og:image:height\" content=\"830\" \/>\n\t<meta property=\"og:image:type\" content=\"image\/jpeg\" \/>\n<meta name=\"twitter:card\" content=\"summary_large_image\" \/>\n<meta name=\"twitter:label1\" content=\"Tiempo de lectura\" \/>\n\t<meta name=\"twitter:data1\" content=\"1 minuto\" \/>\n<script type=\"application\/ld+json\" class=\"yoast-schema-graph\">{\"@context\":\"https:\\\/\\\/schema.org\",\"@graph\":[{\"@type\":\"WebPage\",\"@id\":\"https:\\\/\\\/lecoquette.adrirodrigom6.es\\\/producto\\\/femwell-drenatox\\\/\",\"url\":\"https:\\\/\\\/lecoquette.adrirodrigom6.es\\\/producto\\\/femwell-drenatox\\\/\",\"name\":\"FemWell DrenaTox - Le Coquette\",\"isPartOf\":{\"@id\":\"https:\\\/\\\/lecoquette.adrirodrigom6.es\\\/#website\"},\"primaryImageOfPage\":{\"@id\":\"https:\\\/\\\/lecoquette.adrirodrigom6.es\\\/producto\\\/femwell-drenatox\\\/#primaryimage\"},\"image\":{\"@id\":\"https:\\\/\\\/lecoquette.adrirodrigom6.es\\\/producto\\\/femwell-drenatox\\\/#primaryimage\"},\"thumbnailUrl\":\"https:\\\/\\\/lecoquette.adrirodrigom6.es\\\/wp-content\\\/uploads\\\/2026\\\/01\\\/FemWell-DrenaTox-.jpg\",\"datePublished\":\"2026-01-02T11:51:05+00:00\",\"breadcrumb\":{\"@id\":\"https:\\\/\\\/lecoquette.adrirodrigom6.es\\\/producto\\\/femwell-drenatox\\\/#breadcrumb\"},\"inLanguage\":\"es\",\"potentialAction\":[{\"@type\":\"ReadAction\",\"target\":[\"https:\\\/\\\/lecoquette.adrirodrigom6.es\\\/producto\\\/femwell-drenatox\\\/\"]}]},{\"@type\":\"ImageObject\",\"inLanguage\":\"es\",\"@id\":\"https:\\\/\\\/lecoquette.adrirodrigom6.es\\\/producto\\\/femwell-drenatox\\\/#primaryimage\",\"url\":\"https:\\\/\\\/lecoquette.adrirodrigom6.es\\\/wp-content\\\/uploads\\\/2026\\\/01\\\/FemWell-DrenaTox-.jpg\",\"contentUrl\":\"https:\\\/\\\/lecoquette.adrirodrigom6.es\\\/wp-content\\\/uploads\\\/2026\\\/01\\\/FemWell-DrenaTox-.jpg\",\"width\":830,\"height\":830},{\"@type\":\"BreadcrumbList\",\"@id\":\"https:\\\/\\\/lecoquette.adrirodrigom6.es\\\/producto\\\/femwell-drenatox\\\/#breadcrumb\",\"itemListElement\":[{\"@type\":\"ListItem\",\"position\":1,\"name\":\"Portada\",\"item\":\"https:\\\/\\\/lecoquette.adrirodrigom6.es\\\/\"},{\"@type\":\"ListItem\",\"position\":2,\"name\":\"Tienda\",\"item\":\"https:\\\/\\\/lecoquette.adrirodrigom6.es\\\/tienda\\\/\"},{\"@type\":\"ListItem\",\"position\":3,\"name\":\"FemWell DrenaTox\"}]},{\"@type\":\"WebSite\",\"@id\":\"https:\\\/\\\/lecoquette.adrirodrigom6.es\\\/#website\",\"url\":\"https:\\\/\\\/lecoquette.adrirodrigom6.es\\\/\",\"name\":\"Le Coquette\",\"description\":\"\",\"publisher\":{\"@id\":\"https:\\\/\\\/lecoquette.adrirodrigom6.es\\\/#organization\"},\"potentialAction\":[{\"@type\":\"SearchAction\",\"target\":{\"@type\":\"EntryPoint\",\"urlTemplate\":\"https:\\\/\\\/lecoquette.adrirodrigom6.es\\\/?s={search_term_string}\"},\"query-input\":{\"@type\":\"PropertyValueSpecification\",\"valueRequired\":true,\"valueName\":\"search_term_string\"}}],\"inLanguage\":\"es\"},{\"@type\":\"Organization\",\"@id\":\"https:\\\/\\\/lecoquette.adrirodrigom6.es\\\/#organization\",\"name\":\"Le Coquette\",\"url\":\"https:\\\/\\\/lecoquette.adrirodrigom6.es\\\/\",\"logo\":{\"@type\":\"ImageObject\",\"inLanguage\":\"es\",\"@id\":\"https:\\\/\\\/lecoquette.adrirodrigom6.es\\\/#\\\/schema\\\/logo\\\/image\\\/\",\"url\":\"https:\\\/\\\/lecoquette.adrirodrigom6.es\\\/wp-content\\\/uploads\\\/2025\\\/11\\\/Sin-titulo-250-x-250-px-e1774012720673.png\",\"contentUrl\":\"https:\\\/\\\/lecoquette.adrirodrigom6.es\\\/wp-content\\\/uploads\\\/2025\\\/11\\\/Sin-titulo-250-x-250-px-e1774012720673.png\",\"width\":204,\"height\":93,\"caption\":\"Le Coquette\"},\"image\":{\"@id\":\"https:\\\/\\\/lecoquette.adrirodrigom6.es\\\/#\\\/schema\\\/logo\\\/image\\\/\"}}]}<\/script>\n<!-- \/ Yoast SEO plugin. -->","yoast_head_json":{"title":"FemWell DrenaTox - Le Coquette","robots":{"index":"noindex","follow":"follow","max-snippet":"max-snippet:-1","max-image-preview":"max-image-preview:large","max-video-preview":"max-video-preview:-1"},"og_locale":"es_ES","og_type":"article","og_title":"FemWell DrenaTox - Le Coquette","og_description":"Reductor Drenante a base de Plantas","og_url":"https:\/\/lecoquette.adrirodrigom6.es\/es\/producto\/femwell-drenatox\/","og_site_name":"Le Coquette","og_image":[{"width":830,"height":830,"url":"https:\/\/lecoquette.adrirodrigom6.es\/wp-content\/uploads\/2026\/01\/FemWell-DrenaTox-.jpg","type":"image\/jpeg"}],"twitter_card":"summary_large_image","twitter_misc":{"Tiempo de lectura":"1 minuto"},"schema":{"@context":"https:\/\/schema.org","@graph":[{"@type":"WebPage","@id":"https:\/\/lecoquette.adrirodrigom6.es\/producto\/femwell-drenatox\/","url":"https:\/\/lecoquette.adrirodrigom6.es\/producto\/femwell-drenatox\/","name":"FemWell DrenaTox - Le Coquette","isPartOf":{"@id":"https:\/\/lecoquette.adrirodrigom6.es\/#website"},"primaryImageOfPage":{"@id":"https:\/\/lecoquette.adrirodrigom6.es\/producto\/femwell-drenatox\/#primaryimage"},"image":{"@id":"https:\/\/lecoquette.adrirodrigom6.es\/producto\/femwell-drenatox\/#primaryimage"},"thumbnailUrl":"https:\/\/lecoquette.adrirodrigom6.es\/wp-content\/uploads\/2026\/01\/FemWell-DrenaTox-.jpg","datePublished":"2026-01-02T11:51:05+00:00","breadcrumb":{"@id":"https:\/\/lecoquette.adrirodrigom6.es\/producto\/femwell-drenatox\/#breadcrumb"},"inLanguage":"es","potentialAction":[{"@type":"ReadAction","target":["https:\/\/lecoquette.adrirodrigom6.es\/producto\/femwell-drenatox\/"]}]},{"@type":"ImageObject","inLanguage":"es","@id":"https:\/\/lecoquette.adrirodrigom6.es\/producto\/femwell-drenatox\/#primaryimage","url":"https:\/\/lecoquette.adrirodrigom6.es\/wp-content\/uploads\/2026\/01\/FemWell-DrenaTox-.jpg","contentUrl":"https:\/\/lecoquette.adrirodrigom6.es\/wp-content\/uploads\/2026\/01\/FemWell-DrenaTox-.jpg","width":830,"height":830},{"@type":"BreadcrumbList","@id":"https:\/\/lecoquette.adrirodrigom6.es\/producto\/femwell-drenatox\/#breadcrumb","itemListElement":[{"@type":"ListItem","position":1,"name":"Portada","item":"https:\/\/lecoquette.adrirodrigom6.es\/"},{"@type":"ListItem","position":2,"name":"Tienda","item":"https:\/\/lecoquette.adrirodrigom6.es\/tienda\/"},{"@type":"ListItem","position":3,"name":"FemWell DrenaTox"}]},{"@type":"WebSite","@id":"https:\/\/lecoquette.adrirodrigom6.es\/#website","url":"https:\/\/lecoquette.adrirodrigom6.es\/","name":"Le Coquette","description":"","publisher":{"@id":"https:\/\/lecoquette.adrirodrigom6.es\/#organization"},"potentialAction":[{"@type":"SearchAction","target":{"@type":"EntryPoint","urlTemplate":"https:\/\/lecoquette.adrirodrigom6.es\/?s={search_term_string}"},"query-input":{"@type":"PropertyValueSpecification","valueRequired":true,"valueName":"search_term_string"}}],"inLanguage":"es"},{"@type":"Organization","@id":"https:\/\/lecoquette.adrirodrigom6.es\/#organization","name":"Le Coquette","url":"https:\/\/lecoquette.adrirodrigom6.es\/","logo":{"@type":"ImageObject","inLanguage":"es","@id":"https:\/\/lecoquette.adrirodrigom6.es\/#\/schema\/logo\/image\/","url":"https:\/\/lecoquette.adrirodrigom6.es\/wp-content\/uploads\/2025\/11\/Sin-titulo-250-x-250-px-e1774012720673.png","contentUrl":"https:\/\/lecoquette.adrirodrigom6.es\/wp-content\/uploads\/2025\/11\/Sin-titulo-250-x-250-px-e1774012720673.png","width":204,"height":93,"caption":"Le Coquette"},"image":{"@id":"https:\/\/lecoquette.adrirodrigom6.es\/#\/schema\/logo\/image\/"}}]}},"_links":{"self":[{"href":"https:\/\/lecoquette.adrirodrigom6.es\/es\/wp-json\/wp\/v2\/product\/636","targetHints":{"allow":["GET"]}}],"collection":[{"href":"https:\/\/lecoquette.adrirodrigom6.es\/es\/wp-json\/wp\/v2\/product"}],"about":[{"href":"https:\/\/lecoquette.adrirodrigom6.es\/es\/wp-json\/wp\/v2\/types\/product"}],"version-history":[{"count":1,"href":"https:\/\/lecoquette.adrirodrigom6.es\/es\/wp-json\/wp\/v2\/product\/636\/revisions"}],"predecessor-version":[{"id":638,"href":"https:\/\/lecoquette.adrirodrigom6.es\/es\/wp-json\/wp\/v2\/product\/636\/revisions\/638"}],"wp:featuredmedia":[{"embeddable":true,"href":"https:\/\/lecoquette.adrirodrigom6.es\/es\/wp-json\/wp\/v2\/media\/637"}],"wp:attachment":[{"href":"https:\/\/lecoquette.adrirodrigom6.es\/es\/wp-json\/wp\/v2\/media?parent=636"}],"wp:term":[{"taxonomy":"product_brand","embeddable":true,"href":"https:\/\/lecoquette.adrirodrigom6.es\/es\/wp-json\/wp\/v2\/product_brand?post=636"},{"taxonomy":"product_cat","embeddable":true,"href":"https:\/\/lecoquette.adrirodrigom6.es\/es\/wp-json\/wp\/v2\/product_cat?post=636"},{"taxonomy":"product_tag","embeddable":true,"href":"https:\/\/lecoquette.adrirodrigom6.es\/es\/wp-json\/wp\/v2\/product_tag?post=636"}],"curies":[{"name":"wp","href":"https:\/\/api.w.org\/{rel}","templated":true}]}}