{"id":633,"date":"2026-01-02T12:49:25","date_gmt":"2026-01-02T11:49:25","guid":{"rendered":"https:\/\/lecoquette.adrirodrigom6.es\/?post_type=product&#038;p=633"},"modified":"2026-01-02T12:49:25","modified_gmt":"2026-01-02T11:49:25","slug":"femwell-heat-sculpt","status":"publish","type":"product","link":"https:\/\/lecoquette.adrirodrigom6.es\/es\/producto\/femwell-heat-sculpt\/","title":{"rendered":"FemWell Heat Sculpt"},"content":{"rendered":"<p>Complemento alimenticio en c\u00e1psulas dise\u00f1ado para acompa\u00f1ar los planes de control de peso.<br \/>\nCombina extractos vegetales ricos en cafe\u00edna natural con amino\u00e1cidos como L-carnitina y L-tirosina, adem\u00e1s de fucus y otros activos de origen vegetal.<\/p>\n<p>Su f\u00f3rmula est\u00e1 pensada para apoyar el metabolismo energ\u00e9tico y ofrecer un efecto termog\u00e9nico y de activaci\u00f3n durante el d\u00eda cuando se combina con una dieta equilibrada y ejercicio f\u00edsico.<\/p>\n<p><strong>Principios activos destacados<\/strong><br \/>\nExtracto de caf\u00e9 verde (50% \u00e1cido clorog\u00e9nico, cafe\u00edna natural).<br \/>\nExtracto de guaran\u00e1 (22% cafe\u00edna).<br \/>\nN-acetil L-carnitina.<br \/>\nN-acetil L-tirosina.<br \/>\nExtracto de nuez de cola (10% cafe\u00edna).<br \/>\nExtracto de naranja amarga (6% sinefrina).<br \/>\nExtracto de hojas de mate (yerba mate) (4% cafe\u00edna).<br \/>\nExtracto de fucus (fuente de yodo).<br \/>\nExtracto de Polygonum cuspidatum (resveratrol).<br \/>\nExtracto de pimienta negra (piperina).<\/p>\n<p>Adem\u00e1s, la etiqueta destaca la presencia de Garcinia como activo vegetal asociado a los programas de control de peso.<\/p>\n<p><strong>Uso<\/strong><br \/>\nDosis diaria recomendada: 3 c\u00e1psulas al d\u00eda.<\/p>\n<p>C\u00f3mo tomarlo:2 c\u00e1psulas por la ma\u00f1ana<br \/>\n1 c\u00e1psula a media tarde.<br \/>\n90 capsulas<\/p>\n<p>Tomar con un vaso de agua.<\/p>\n","protected":false},"excerpt":{"rendered":"<p>Fat Burner con Fucus, Yerba Mate y L-Carnitina<\/p>\n","protected":false},"featured_media":634,"template":"","meta":[],"product_brand":[],"product_cat":[18],"product_tag":[],"class_list":{"0":"post-633","1":"product","2":"type-product","3":"status-publish","4":"has-post-thumbnail","6":"product_cat-autocuidado","8":"first","9":"instock","10":"taxable","11":"shipping-taxable","12":"purchasable","13":"product-type-simple"},"yoast_head":"<!-- This site is optimized with the Yoast SEO plugin v27.3 - https:\/\/yoast.com\/product\/yoast-seo-wordpress\/ -->\n<title>FemWell Heat Sculpt - Le Coquette<\/title>\n<meta name=\"robots\" content=\"noindex, follow, max-snippet:-1, max-image-preview:large, max-video-preview:-1\" \/>\n<meta property=\"og:locale\" content=\"es_ES\" \/>\n<meta property=\"og:type\" content=\"article\" \/>\n<meta property=\"og:title\" content=\"FemWell Heat Sculpt - Le Coquette\" \/>\n<meta property=\"og:description\" content=\"Fat Burner con Fucus, Yerba Mate y L-Carnitina\" \/>\n<meta property=\"og:url\" content=\"https:\/\/lecoquette.adrirodrigom6.es\/es\/producto\/femwell-heat-sculpt\/\" \/>\n<meta property=\"og:site_name\" content=\"Le Coquette\" \/>\n<meta property=\"og:image\" content=\"https:\/\/lecoquette.adrirodrigom6.es\/wp-content\/uploads\/2026\/01\/FemWell-Heat-Sculpt-.jpg\" \/>\n\t<meta property=\"og:image:width\" content=\"830\" \/>\n\t<meta property=\"og:image:height\" content=\"830\" \/>\n\t<meta property=\"og:image:type\" content=\"image\/jpeg\" \/>\n<meta name=\"twitter:card\" content=\"summary_large_image\" \/>\n<meta name=\"twitter:label1\" content=\"Tiempo de lectura\" \/>\n\t<meta name=\"twitter:data1\" content=\"1 minuto\" \/>\n<script type=\"application\/ld+json\" class=\"yoast-schema-graph\">{\"@context\":\"https:\\\/\\\/schema.org\",\"@graph\":[{\"@type\":\"WebPage\",\"@id\":\"https:\\\/\\\/lecoquette.adrirodrigom6.es\\\/producto\\\/femwell-heat-sculpt\\\/\",\"url\":\"https:\\\/\\\/lecoquette.adrirodrigom6.es\\\/producto\\\/femwell-heat-sculpt\\\/\",\"name\":\"FemWell Heat Sculpt - Le Coquette\",\"isPartOf\":{\"@id\":\"https:\\\/\\\/lecoquette.adrirodrigom6.es\\\/#website\"},\"primaryImageOfPage\":{\"@id\":\"https:\\\/\\\/lecoquette.adrirodrigom6.es\\\/producto\\\/femwell-heat-sculpt\\\/#primaryimage\"},\"image\":{\"@id\":\"https:\\\/\\\/lecoquette.adrirodrigom6.es\\\/producto\\\/femwell-heat-sculpt\\\/#primaryimage\"},\"thumbnailUrl\":\"https:\\\/\\\/lecoquette.adrirodrigom6.es\\\/wp-content\\\/uploads\\\/2026\\\/01\\\/FemWell-Heat-Sculpt-.jpg\",\"datePublished\":\"2026-01-02T11:49:25+00:00\",\"breadcrumb\":{\"@id\":\"https:\\\/\\\/lecoquette.adrirodrigom6.es\\\/producto\\\/femwell-heat-sculpt\\\/#breadcrumb\"},\"inLanguage\":\"es\",\"potentialAction\":[{\"@type\":\"ReadAction\",\"target\":[\"https:\\\/\\\/lecoquette.adrirodrigom6.es\\\/producto\\\/femwell-heat-sculpt\\\/\"]}]},{\"@type\":\"ImageObject\",\"inLanguage\":\"es\",\"@id\":\"https:\\\/\\\/lecoquette.adrirodrigom6.es\\\/producto\\\/femwell-heat-sculpt\\\/#primaryimage\",\"url\":\"https:\\\/\\\/lecoquette.adrirodrigom6.es\\\/wp-content\\\/uploads\\\/2026\\\/01\\\/FemWell-Heat-Sculpt-.jpg\",\"contentUrl\":\"https:\\\/\\\/lecoquette.adrirodrigom6.es\\\/wp-content\\\/uploads\\\/2026\\\/01\\\/FemWell-Heat-Sculpt-.jpg\",\"width\":830,\"height\":830},{\"@type\":\"BreadcrumbList\",\"@id\":\"https:\\\/\\\/lecoquette.adrirodrigom6.es\\\/producto\\\/femwell-heat-sculpt\\\/#breadcrumb\",\"itemListElement\":[{\"@type\":\"ListItem\",\"position\":1,\"name\":\"Portada\",\"item\":\"https:\\\/\\\/lecoquette.adrirodrigom6.es\\\/\"},{\"@type\":\"ListItem\",\"position\":2,\"name\":\"Tienda\",\"item\":\"https:\\\/\\\/lecoquette.adrirodrigom6.es\\\/tienda\\\/\"},{\"@type\":\"ListItem\",\"position\":3,\"name\":\"FemWell Heat Sculpt\"}]},{\"@type\":\"WebSite\",\"@id\":\"https:\\\/\\\/lecoquette.adrirodrigom6.es\\\/#website\",\"url\":\"https:\\\/\\\/lecoquette.adrirodrigom6.es\\\/\",\"name\":\"Le Coquette\",\"description\":\"\",\"publisher\":{\"@id\":\"https:\\\/\\\/lecoquette.adrirodrigom6.es\\\/#organization\"},\"potentialAction\":[{\"@type\":\"SearchAction\",\"target\":{\"@type\":\"EntryPoint\",\"urlTemplate\":\"https:\\\/\\\/lecoquette.adrirodrigom6.es\\\/?s={search_term_string}\"},\"query-input\":{\"@type\":\"PropertyValueSpecification\",\"valueRequired\":true,\"valueName\":\"search_term_string\"}}],\"inLanguage\":\"es\"},{\"@type\":\"Organization\",\"@id\":\"https:\\\/\\\/lecoquette.adrirodrigom6.es\\\/#organization\",\"name\":\"Le Coquette\",\"url\":\"https:\\\/\\\/lecoquette.adrirodrigom6.es\\\/\",\"logo\":{\"@type\":\"ImageObject\",\"inLanguage\":\"es\",\"@id\":\"https:\\\/\\\/lecoquette.adrirodrigom6.es\\\/#\\\/schema\\\/logo\\\/image\\\/\",\"url\":\"https:\\\/\\\/lecoquette.adrirodrigom6.es\\\/wp-content\\\/uploads\\\/2025\\\/11\\\/Sin-titulo-250-x-250-px-e1774012720673.png\",\"contentUrl\":\"https:\\\/\\\/lecoquette.adrirodrigom6.es\\\/wp-content\\\/uploads\\\/2025\\\/11\\\/Sin-titulo-250-x-250-px-e1774012720673.png\",\"width\":204,\"height\":93,\"caption\":\"Le Coquette\"},\"image\":{\"@id\":\"https:\\\/\\\/lecoquette.adrirodrigom6.es\\\/#\\\/schema\\\/logo\\\/image\\\/\"}}]}<\/script>\n<!-- \/ Yoast SEO plugin. -->","yoast_head_json":{"title":"FemWell Heat Sculpt - Le Coquette","robots":{"index":"noindex","follow":"follow","max-snippet":"max-snippet:-1","max-image-preview":"max-image-preview:large","max-video-preview":"max-video-preview:-1"},"og_locale":"es_ES","og_type":"article","og_title":"FemWell Heat Sculpt - Le Coquette","og_description":"Fat Burner con Fucus, Yerba Mate y L-Carnitina","og_url":"https:\/\/lecoquette.adrirodrigom6.es\/es\/producto\/femwell-heat-sculpt\/","og_site_name":"Le Coquette","og_image":[{"width":830,"height":830,"url":"https:\/\/lecoquette.adrirodrigom6.es\/wp-content\/uploads\/2026\/01\/FemWell-Heat-Sculpt-.jpg","type":"image\/jpeg"}],"twitter_card":"summary_large_image","twitter_misc":{"Tiempo de lectura":"1 minuto"},"schema":{"@context":"https:\/\/schema.org","@graph":[{"@type":"WebPage","@id":"https:\/\/lecoquette.adrirodrigom6.es\/producto\/femwell-heat-sculpt\/","url":"https:\/\/lecoquette.adrirodrigom6.es\/producto\/femwell-heat-sculpt\/","name":"FemWell Heat Sculpt - Le Coquette","isPartOf":{"@id":"https:\/\/lecoquette.adrirodrigom6.es\/#website"},"primaryImageOfPage":{"@id":"https:\/\/lecoquette.adrirodrigom6.es\/producto\/femwell-heat-sculpt\/#primaryimage"},"image":{"@id":"https:\/\/lecoquette.adrirodrigom6.es\/producto\/femwell-heat-sculpt\/#primaryimage"},"thumbnailUrl":"https:\/\/lecoquette.adrirodrigom6.es\/wp-content\/uploads\/2026\/01\/FemWell-Heat-Sculpt-.jpg","datePublished":"2026-01-02T11:49:25+00:00","breadcrumb":{"@id":"https:\/\/lecoquette.adrirodrigom6.es\/producto\/femwell-heat-sculpt\/#breadcrumb"},"inLanguage":"es","potentialAction":[{"@type":"ReadAction","target":["https:\/\/lecoquette.adrirodrigom6.es\/producto\/femwell-heat-sculpt\/"]}]},{"@type":"ImageObject","inLanguage":"es","@id":"https:\/\/lecoquette.adrirodrigom6.es\/producto\/femwell-heat-sculpt\/#primaryimage","url":"https:\/\/lecoquette.adrirodrigom6.es\/wp-content\/uploads\/2026\/01\/FemWell-Heat-Sculpt-.jpg","contentUrl":"https:\/\/lecoquette.adrirodrigom6.es\/wp-content\/uploads\/2026\/01\/FemWell-Heat-Sculpt-.jpg","width":830,"height":830},{"@type":"BreadcrumbList","@id":"https:\/\/lecoquette.adrirodrigom6.es\/producto\/femwell-heat-sculpt\/#breadcrumb","itemListElement":[{"@type":"ListItem","position":1,"name":"Portada","item":"https:\/\/lecoquette.adrirodrigom6.es\/"},{"@type":"ListItem","position":2,"name":"Tienda","item":"https:\/\/lecoquette.adrirodrigom6.es\/tienda\/"},{"@type":"ListItem","position":3,"name":"FemWell Heat Sculpt"}]},{"@type":"WebSite","@id":"https:\/\/lecoquette.adrirodrigom6.es\/#website","url":"https:\/\/lecoquette.adrirodrigom6.es\/","name":"Le Coquette","description":"","publisher":{"@id":"https:\/\/lecoquette.adrirodrigom6.es\/#organization"},"potentialAction":[{"@type":"SearchAction","target":{"@type":"EntryPoint","urlTemplate":"https:\/\/lecoquette.adrirodrigom6.es\/?s={search_term_string}"},"query-input":{"@type":"PropertyValueSpecification","valueRequired":true,"valueName":"search_term_string"}}],"inLanguage":"es"},{"@type":"Organization","@id":"https:\/\/lecoquette.adrirodrigom6.es\/#organization","name":"Le Coquette","url":"https:\/\/lecoquette.adrirodrigom6.es\/","logo":{"@type":"ImageObject","inLanguage":"es","@id":"https:\/\/lecoquette.adrirodrigom6.es\/#\/schema\/logo\/image\/","url":"https:\/\/lecoquette.adrirodrigom6.es\/wp-content\/uploads\/2025\/11\/Sin-titulo-250-x-250-px-e1774012720673.png","contentUrl":"https:\/\/lecoquette.adrirodrigom6.es\/wp-content\/uploads\/2025\/11\/Sin-titulo-250-x-250-px-e1774012720673.png","width":204,"height":93,"caption":"Le Coquette"},"image":{"@id":"https:\/\/lecoquette.adrirodrigom6.es\/#\/schema\/logo\/image\/"}}]}},"_links":{"self":[{"href":"https:\/\/lecoquette.adrirodrigom6.es\/es\/wp-json\/wp\/v2\/product\/633","targetHints":{"allow":["GET"]}}],"collection":[{"href":"https:\/\/lecoquette.adrirodrigom6.es\/es\/wp-json\/wp\/v2\/product"}],"about":[{"href":"https:\/\/lecoquette.adrirodrigom6.es\/es\/wp-json\/wp\/v2\/types\/product"}],"version-history":[{"count":1,"href":"https:\/\/lecoquette.adrirodrigom6.es\/es\/wp-json\/wp\/v2\/product\/633\/revisions"}],"predecessor-version":[{"id":635,"href":"https:\/\/lecoquette.adrirodrigom6.es\/es\/wp-json\/wp\/v2\/product\/633\/revisions\/635"}],"wp:featuredmedia":[{"embeddable":true,"href":"https:\/\/lecoquette.adrirodrigom6.es\/es\/wp-json\/wp\/v2\/media\/634"}],"wp:attachment":[{"href":"https:\/\/lecoquette.adrirodrigom6.es\/es\/wp-json\/wp\/v2\/media?parent=633"}],"wp:term":[{"taxonomy":"product_brand","embeddable":true,"href":"https:\/\/lecoquette.adrirodrigom6.es\/es\/wp-json\/wp\/v2\/product_brand?post=633"},{"taxonomy":"product_cat","embeddable":true,"href":"https:\/\/lecoquette.adrirodrigom6.es\/es\/wp-json\/wp\/v2\/product_cat?post=633"},{"taxonomy":"product_tag","embeddable":true,"href":"https:\/\/lecoquette.adrirodrigom6.es\/es\/wp-json\/wp\/v2\/product_tag?post=633"}],"curies":[{"name":"wp","href":"https:\/\/api.w.org\/{rel}","templated":true}]}}