{"id":606,"date":"2026-01-02T12:33:49","date_gmt":"2026-01-02T11:33:49","guid":{"rendered":"https:\/\/lecoquette.adrirodrigom6.es\/?post_type=product&#038;p=606"},"modified":"2026-01-02T12:33:50","modified_gmt":"2026-01-02T11:33:50","slug":"opi-repair-mode-unas","status":"publish","type":"product","link":"https:\/\/lecoquette.adrirodrigom6.es\/es\/producto\/opi-repair-mode-unas\/","title":{"rendered":"Opi Repair Mode u\u00f1as"},"content":{"rendered":"<p>OPI Repair Mode, con tecnolog\u00eda patentada Ulti-Plex Technology\u2122 repara la estructura de la queratina de la<br \/>\nu\u00f1a penetrando en la superficie para crear nuevos enlaces DENTRO de la u\u00f1a natural.<br \/>\nEste suero de u\u00f1as repara el 99% de la queratina,se ven mejoradas tras la primera aplicaci\u00f3n y,<br \/>\ncon el uso continuado.<br \/>\nU\u00f1as 4* veces m\u00e1s fuertes en 6 d\u00edas.<\/p>\n<p>F\u00f3rmula vegana libre de ingredientes o derivados de origen animal.<\/p>\n<p>Uso<br \/>\nAplicar 2 veces diarias con la u\u00f1a desmaquillada y limpia.<\/p>\n","protected":false},"excerpt":{"rendered":"<p>Reparaci\u00f3n de U\u00f1as<\/p>\n","protected":false},"featured_media":607,"template":"","meta":[],"product_brand":[],"product_cat":[18],"product_tag":[],"class_list":{"0":"post-606","1":"product","2":"type-product","3":"status-publish","4":"has-post-thumbnail","6":"product_cat-autocuidado","8":"first","9":"instock","10":"taxable","11":"shipping-taxable","12":"purchasable","13":"product-type-simple"},"yoast_head":"<!-- This site is optimized with the Yoast SEO plugin v27.3 - https:\/\/yoast.com\/product\/yoast-seo-wordpress\/ -->\n<title>Opi Repair Mode u\u00f1as - Le Coquette<\/title>\n<meta name=\"robots\" content=\"noindex, follow, max-snippet:-1, max-image-preview:large, max-video-preview:-1\" \/>\n<meta property=\"og:locale\" content=\"es_ES\" \/>\n<meta property=\"og:type\" content=\"article\" \/>\n<meta property=\"og:title\" content=\"Opi Repair Mode u\u00f1as - Le Coquette\" \/>\n<meta property=\"og:description\" content=\"Reparaci\u00f3n de U\u00f1as\" \/>\n<meta property=\"og:url\" content=\"https:\/\/lecoquette.adrirodrigom6.es\/es\/producto\/opi-repair-mode-unas\/\" \/>\n<meta property=\"og:site_name\" content=\"Le Coquette\" \/>\n<meta property=\"article:modified_time\" content=\"2026-01-02T11:33:50+00:00\" \/>\n<meta property=\"og:image\" content=\"https:\/\/lecoquette.adrirodrigom6.es\/wp-content\/uploads\/2026\/01\/Opi-Repair-Mode-unas-.jpg\" \/>\n\t<meta property=\"og:image:width\" content=\"830\" \/>\n\t<meta property=\"og:image:height\" content=\"830\" \/>\n\t<meta property=\"og:image:type\" content=\"image\/jpeg\" \/>\n<meta name=\"twitter:card\" content=\"summary_large_image\" \/>\n<script type=\"application\/ld+json\" class=\"yoast-schema-graph\">{\"@context\":\"https:\\\/\\\/schema.org\",\"@graph\":[{\"@type\":\"WebPage\",\"@id\":\"https:\\\/\\\/lecoquette.adrirodrigom6.es\\\/producto\\\/opi-repair-mode-unas\\\/\",\"url\":\"https:\\\/\\\/lecoquette.adrirodrigom6.es\\\/producto\\\/opi-repair-mode-unas\\\/\",\"name\":\"Opi Repair Mode u\u00f1as - Le Coquette\",\"isPartOf\":{\"@id\":\"https:\\\/\\\/lecoquette.adrirodrigom6.es\\\/#website\"},\"primaryImageOfPage\":{\"@id\":\"https:\\\/\\\/lecoquette.adrirodrigom6.es\\\/producto\\\/opi-repair-mode-unas\\\/#primaryimage\"},\"image\":{\"@id\":\"https:\\\/\\\/lecoquette.adrirodrigom6.es\\\/producto\\\/opi-repair-mode-unas\\\/#primaryimage\"},\"thumbnailUrl\":\"https:\\\/\\\/lecoquette.adrirodrigom6.es\\\/wp-content\\\/uploads\\\/2026\\\/01\\\/Opi-Repair-Mode-unas-.jpg\",\"datePublished\":\"2026-01-02T11:33:49+00:00\",\"dateModified\":\"2026-01-02T11:33:50+00:00\",\"breadcrumb\":{\"@id\":\"https:\\\/\\\/lecoquette.adrirodrigom6.es\\\/producto\\\/opi-repair-mode-unas\\\/#breadcrumb\"},\"inLanguage\":\"es\",\"potentialAction\":[{\"@type\":\"ReadAction\",\"target\":[\"https:\\\/\\\/lecoquette.adrirodrigom6.es\\\/producto\\\/opi-repair-mode-unas\\\/\"]}]},{\"@type\":\"ImageObject\",\"inLanguage\":\"es\",\"@id\":\"https:\\\/\\\/lecoquette.adrirodrigom6.es\\\/producto\\\/opi-repair-mode-unas\\\/#primaryimage\",\"url\":\"https:\\\/\\\/lecoquette.adrirodrigom6.es\\\/wp-content\\\/uploads\\\/2026\\\/01\\\/Opi-Repair-Mode-unas-.jpg\",\"contentUrl\":\"https:\\\/\\\/lecoquette.adrirodrigom6.es\\\/wp-content\\\/uploads\\\/2026\\\/01\\\/Opi-Repair-Mode-unas-.jpg\",\"width\":830,\"height\":830},{\"@type\":\"BreadcrumbList\",\"@id\":\"https:\\\/\\\/lecoquette.adrirodrigom6.es\\\/producto\\\/opi-repair-mode-unas\\\/#breadcrumb\",\"itemListElement\":[{\"@type\":\"ListItem\",\"position\":1,\"name\":\"Portada\",\"item\":\"https:\\\/\\\/lecoquette.adrirodrigom6.es\\\/\"},{\"@type\":\"ListItem\",\"position\":2,\"name\":\"Tienda\",\"item\":\"https:\\\/\\\/lecoquette.adrirodrigom6.es\\\/tienda\\\/\"},{\"@type\":\"ListItem\",\"position\":3,\"name\":\"Opi Repair Mode u\u00f1as\"}]},{\"@type\":\"WebSite\",\"@id\":\"https:\\\/\\\/lecoquette.adrirodrigom6.es\\\/#website\",\"url\":\"https:\\\/\\\/lecoquette.adrirodrigom6.es\\\/\",\"name\":\"Le Coquette\",\"description\":\"\",\"publisher\":{\"@id\":\"https:\\\/\\\/lecoquette.adrirodrigom6.es\\\/#organization\"},\"potentialAction\":[{\"@type\":\"SearchAction\",\"target\":{\"@type\":\"EntryPoint\",\"urlTemplate\":\"https:\\\/\\\/lecoquette.adrirodrigom6.es\\\/?s={search_term_string}\"},\"query-input\":{\"@type\":\"PropertyValueSpecification\",\"valueRequired\":true,\"valueName\":\"search_term_string\"}}],\"inLanguage\":\"es\"},{\"@type\":\"Organization\",\"@id\":\"https:\\\/\\\/lecoquette.adrirodrigom6.es\\\/#organization\",\"name\":\"Le Coquette\",\"url\":\"https:\\\/\\\/lecoquette.adrirodrigom6.es\\\/\",\"logo\":{\"@type\":\"ImageObject\",\"inLanguage\":\"es\",\"@id\":\"https:\\\/\\\/lecoquette.adrirodrigom6.es\\\/#\\\/schema\\\/logo\\\/image\\\/\",\"url\":\"https:\\\/\\\/lecoquette.adrirodrigom6.es\\\/wp-content\\\/uploads\\\/2025\\\/11\\\/Sin-titulo-250-x-250-px-e1774012720673.png\",\"contentUrl\":\"https:\\\/\\\/lecoquette.adrirodrigom6.es\\\/wp-content\\\/uploads\\\/2025\\\/11\\\/Sin-titulo-250-x-250-px-e1774012720673.png\",\"width\":204,\"height\":93,\"caption\":\"Le Coquette\"},\"image\":{\"@id\":\"https:\\\/\\\/lecoquette.adrirodrigom6.es\\\/#\\\/schema\\\/logo\\\/image\\\/\"}}]}<\/script>\n<!-- \/ Yoast SEO plugin. -->","yoast_head_json":{"title":"Opi Repair Mode u\u00f1as - Le Coquette","robots":{"index":"noindex","follow":"follow","max-snippet":"max-snippet:-1","max-image-preview":"max-image-preview:large","max-video-preview":"max-video-preview:-1"},"og_locale":"es_ES","og_type":"article","og_title":"Opi Repair Mode u\u00f1as - Le Coquette","og_description":"Reparaci\u00f3n de U\u00f1as","og_url":"https:\/\/lecoquette.adrirodrigom6.es\/es\/producto\/opi-repair-mode-unas\/","og_site_name":"Le Coquette","article_modified_time":"2026-01-02T11:33:50+00:00","og_image":[{"width":830,"height":830,"url":"https:\/\/lecoquette.adrirodrigom6.es\/wp-content\/uploads\/2026\/01\/Opi-Repair-Mode-unas-.jpg","type":"image\/jpeg"}],"twitter_card":"summary_large_image","schema":{"@context":"https:\/\/schema.org","@graph":[{"@type":"WebPage","@id":"https:\/\/lecoquette.adrirodrigom6.es\/producto\/opi-repair-mode-unas\/","url":"https:\/\/lecoquette.adrirodrigom6.es\/producto\/opi-repair-mode-unas\/","name":"Opi Repair Mode u\u00f1as - Le Coquette","isPartOf":{"@id":"https:\/\/lecoquette.adrirodrigom6.es\/#website"},"primaryImageOfPage":{"@id":"https:\/\/lecoquette.adrirodrigom6.es\/producto\/opi-repair-mode-unas\/#primaryimage"},"image":{"@id":"https:\/\/lecoquette.adrirodrigom6.es\/producto\/opi-repair-mode-unas\/#primaryimage"},"thumbnailUrl":"https:\/\/lecoquette.adrirodrigom6.es\/wp-content\/uploads\/2026\/01\/Opi-Repair-Mode-unas-.jpg","datePublished":"2026-01-02T11:33:49+00:00","dateModified":"2026-01-02T11:33:50+00:00","breadcrumb":{"@id":"https:\/\/lecoquette.adrirodrigom6.es\/producto\/opi-repair-mode-unas\/#breadcrumb"},"inLanguage":"es","potentialAction":[{"@type":"ReadAction","target":["https:\/\/lecoquette.adrirodrigom6.es\/producto\/opi-repair-mode-unas\/"]}]},{"@type":"ImageObject","inLanguage":"es","@id":"https:\/\/lecoquette.adrirodrigom6.es\/producto\/opi-repair-mode-unas\/#primaryimage","url":"https:\/\/lecoquette.adrirodrigom6.es\/wp-content\/uploads\/2026\/01\/Opi-Repair-Mode-unas-.jpg","contentUrl":"https:\/\/lecoquette.adrirodrigom6.es\/wp-content\/uploads\/2026\/01\/Opi-Repair-Mode-unas-.jpg","width":830,"height":830},{"@type":"BreadcrumbList","@id":"https:\/\/lecoquette.adrirodrigom6.es\/producto\/opi-repair-mode-unas\/#breadcrumb","itemListElement":[{"@type":"ListItem","position":1,"name":"Portada","item":"https:\/\/lecoquette.adrirodrigom6.es\/"},{"@type":"ListItem","position":2,"name":"Tienda","item":"https:\/\/lecoquette.adrirodrigom6.es\/tienda\/"},{"@type":"ListItem","position":3,"name":"Opi Repair Mode u\u00f1as"}]},{"@type":"WebSite","@id":"https:\/\/lecoquette.adrirodrigom6.es\/#website","url":"https:\/\/lecoquette.adrirodrigom6.es\/","name":"Le Coquette","description":"","publisher":{"@id":"https:\/\/lecoquette.adrirodrigom6.es\/#organization"},"potentialAction":[{"@type":"SearchAction","target":{"@type":"EntryPoint","urlTemplate":"https:\/\/lecoquette.adrirodrigom6.es\/?s={search_term_string}"},"query-input":{"@type":"PropertyValueSpecification","valueRequired":true,"valueName":"search_term_string"}}],"inLanguage":"es"},{"@type":"Organization","@id":"https:\/\/lecoquette.adrirodrigom6.es\/#organization","name":"Le Coquette","url":"https:\/\/lecoquette.adrirodrigom6.es\/","logo":{"@type":"ImageObject","inLanguage":"es","@id":"https:\/\/lecoquette.adrirodrigom6.es\/#\/schema\/logo\/image\/","url":"https:\/\/lecoquette.adrirodrigom6.es\/wp-content\/uploads\/2025\/11\/Sin-titulo-250-x-250-px-e1774012720673.png","contentUrl":"https:\/\/lecoquette.adrirodrigom6.es\/wp-content\/uploads\/2025\/11\/Sin-titulo-250-x-250-px-e1774012720673.png","width":204,"height":93,"caption":"Le Coquette"},"image":{"@id":"https:\/\/lecoquette.adrirodrigom6.es\/#\/schema\/logo\/image\/"}}]}},"_links":{"self":[{"href":"https:\/\/lecoquette.adrirodrigom6.es\/es\/wp-json\/wp\/v2\/product\/606","targetHints":{"allow":["GET"]}}],"collection":[{"href":"https:\/\/lecoquette.adrirodrigom6.es\/es\/wp-json\/wp\/v2\/product"}],"about":[{"href":"https:\/\/lecoquette.adrirodrigom6.es\/es\/wp-json\/wp\/v2\/types\/product"}],"version-history":[{"count":1,"href":"https:\/\/lecoquette.adrirodrigom6.es\/es\/wp-json\/wp\/v2\/product\/606\/revisions"}],"predecessor-version":[{"id":608,"href":"https:\/\/lecoquette.adrirodrigom6.es\/es\/wp-json\/wp\/v2\/product\/606\/revisions\/608"}],"wp:featuredmedia":[{"embeddable":true,"href":"https:\/\/lecoquette.adrirodrigom6.es\/es\/wp-json\/wp\/v2\/media\/607"}],"wp:attachment":[{"href":"https:\/\/lecoquette.adrirodrigom6.es\/es\/wp-json\/wp\/v2\/media?parent=606"}],"wp:term":[{"taxonomy":"product_brand","embeddable":true,"href":"https:\/\/lecoquette.adrirodrigom6.es\/es\/wp-json\/wp\/v2\/product_brand?post=606"},{"taxonomy":"product_cat","embeddable":true,"href":"https:\/\/lecoquette.adrirodrigom6.es\/es\/wp-json\/wp\/v2\/product_cat?post=606"},{"taxonomy":"product_tag","embeddable":true,"href":"https:\/\/lecoquette.adrirodrigom6.es\/es\/wp-json\/wp\/v2\/product_tag?post=606"}],"curies":[{"name":"wp","href":"https:\/\/api.w.org\/{rel}","templated":true}]}}