{"id":601,"date":"2026-01-02T12:32:18","date_gmt":"2026-01-02T11:32:18","guid":{"rendered":"https:\/\/lecoquette.adrirodrigom6.es\/?post_type=product&#038;p=601"},"modified":"2026-01-02T12:32:46","modified_gmt":"2026-01-02T11:32:46","slug":"mousse-25-urea-para-talones-agrietados","status":"publish","type":"product","link":"https:\/\/lecoquette.adrirodrigom6.es\/es\/producto\/mousse-25-urea-para-talones-agrietados\/","title":{"rendered":"Mousse 25% Urea para Talones Agrietados"},"content":{"rendered":"<p>Tratamiento formulado para reparar y regenerar la piel extremadamente seca, con callos y grietas.<br \/>\nCon 25% de Urea, Alanto\u00edna, \u00c1cido Hialur\u00f3nico, Aceite de Oliva y Glicerina, ayuda a reactivar el proceso<br \/>\nnatural de reparaci\u00f3n de los talones agrietados mediante la estimulaci\u00f3n de la regeneraci\u00f3n celular.<br \/>\nSu textura mousse ultra ligera SE ABSORBE EN SEGUNDOS permitiendo calzarse al instante,<br \/>\nsin dejar sensaci\u00f3n grasa.<\/p>\n<p>Dermatol\u00f3gicamente testado en pieles sensibles.<\/p>\n","protected":false},"excerpt":{"rendered":"<p>Repara la piel muy seca y agrietada<\/p>\n","protected":false},"featured_media":604,"template":"","meta":[],"product_brand":[],"product_cat":[18],"product_tag":[],"class_list":{"0":"post-601","1":"product","2":"type-product","3":"status-publish","4":"has-post-thumbnail","6":"product_cat-autocuidado","8":"first","9":"instock","10":"taxable","11":"shipping-taxable","12":"purchasable","13":"product-type-variable","14":"wvs-archive-product-wrapper"},"yoast_head":"<!-- This site is optimized with the Yoast SEO plugin v27.3 - https:\/\/yoast.com\/product\/yoast-seo-wordpress\/ -->\n<title>Mousse 25% Urea para Talones Agrietados - Le Coquette<\/title>\n<meta name=\"robots\" content=\"noindex, follow, max-snippet:-1, max-image-preview:large, max-video-preview:-1\" \/>\n<meta property=\"og:locale\" content=\"es_ES\" \/>\n<meta property=\"og:type\" content=\"article\" \/>\n<meta property=\"og:title\" content=\"Mousse 25% Urea para Talones Agrietados - Le Coquette\" \/>\n<meta property=\"og:description\" content=\"Repara la piel muy seca y agrietada\" \/>\n<meta property=\"og:url\" content=\"https:\/\/lecoquette.adrirodrigom6.es\/es\/producto\/mousse-25-urea-para-talones-agrietados\/\" \/>\n<meta property=\"og:site_name\" content=\"Le Coquette\" \/>\n<meta property=\"article:modified_time\" content=\"2026-01-02T11:32:46+00:00\" \/>\n<meta property=\"og:image\" content=\"https:\/\/lecoquette.adrirodrigom6.es\/wp-content\/uploads\/2026\/01\/Mousse-25-Urea.jpg\" \/>\n\t<meta property=\"og:image:width\" content=\"830\" \/>\n\t<meta property=\"og:image:height\" content=\"830\" \/>\n\t<meta property=\"og:image:type\" content=\"image\/jpeg\" \/>\n<meta name=\"twitter:card\" content=\"summary_large_image\" \/>\n<meta name=\"twitter:label1\" content=\"Tiempo de lectura\" \/>\n\t<meta name=\"twitter:data1\" content=\"1 minuto\" \/>\n<script type=\"application\/ld+json\" class=\"yoast-schema-graph\">{\"@context\":\"https:\\\/\\\/schema.org\",\"@graph\":[{\"@type\":\"WebPage\",\"@id\":\"https:\\\/\\\/lecoquette.adrirodrigom6.es\\\/producto\\\/mousse-25-urea-para-talones-agrietados\\\/\",\"url\":\"https:\\\/\\\/lecoquette.adrirodrigom6.es\\\/producto\\\/mousse-25-urea-para-talones-agrietados\\\/\",\"name\":\"Mousse 25% Urea para Talones Agrietados - Le Coquette\",\"isPartOf\":{\"@id\":\"https:\\\/\\\/lecoquette.adrirodrigom6.es\\\/#website\"},\"primaryImageOfPage\":{\"@id\":\"https:\\\/\\\/lecoquette.adrirodrigom6.es\\\/producto\\\/mousse-25-urea-para-talones-agrietados\\\/#primaryimage\"},\"image\":{\"@id\":\"https:\\\/\\\/lecoquette.adrirodrigom6.es\\\/producto\\\/mousse-25-urea-para-talones-agrietados\\\/#primaryimage\"},\"thumbnailUrl\":\"https:\\\/\\\/lecoquette.adrirodrigom6.es\\\/wp-content\\\/uploads\\\/2026\\\/01\\\/Mousse-25-Urea.jpg\",\"datePublished\":\"2026-01-02T11:32:18+00:00\",\"dateModified\":\"2026-01-02T11:32:46+00:00\",\"breadcrumb\":{\"@id\":\"https:\\\/\\\/lecoquette.adrirodrigom6.es\\\/producto\\\/mousse-25-urea-para-talones-agrietados\\\/#breadcrumb\"},\"inLanguage\":\"es\",\"potentialAction\":[{\"@type\":\"ReadAction\",\"target\":[\"https:\\\/\\\/lecoquette.adrirodrigom6.es\\\/producto\\\/mousse-25-urea-para-talones-agrietados\\\/\"]}]},{\"@type\":\"ImageObject\",\"inLanguage\":\"es\",\"@id\":\"https:\\\/\\\/lecoquette.adrirodrigom6.es\\\/producto\\\/mousse-25-urea-para-talones-agrietados\\\/#primaryimage\",\"url\":\"https:\\\/\\\/lecoquette.adrirodrigom6.es\\\/wp-content\\\/uploads\\\/2026\\\/01\\\/Mousse-25-Urea.jpg\",\"contentUrl\":\"https:\\\/\\\/lecoquette.adrirodrigom6.es\\\/wp-content\\\/uploads\\\/2026\\\/01\\\/Mousse-25-Urea.jpg\",\"width\":830,\"height\":830},{\"@type\":\"BreadcrumbList\",\"@id\":\"https:\\\/\\\/lecoquette.adrirodrigom6.es\\\/producto\\\/mousse-25-urea-para-talones-agrietados\\\/#breadcrumb\",\"itemListElement\":[{\"@type\":\"ListItem\",\"position\":1,\"name\":\"Portada\",\"item\":\"https:\\\/\\\/lecoquette.adrirodrigom6.es\\\/\"},{\"@type\":\"ListItem\",\"position\":2,\"name\":\"Tienda\",\"item\":\"https:\\\/\\\/lecoquette.adrirodrigom6.es\\\/tienda\\\/\"},{\"@type\":\"ListItem\",\"position\":3,\"name\":\"Mousse 25% Urea para Talones Agrietados\"}]},{\"@type\":\"WebSite\",\"@id\":\"https:\\\/\\\/lecoquette.adrirodrigom6.es\\\/#website\",\"url\":\"https:\\\/\\\/lecoquette.adrirodrigom6.es\\\/\",\"name\":\"Le Coquette\",\"description\":\"\",\"publisher\":{\"@id\":\"https:\\\/\\\/lecoquette.adrirodrigom6.es\\\/#organization\"},\"potentialAction\":[{\"@type\":\"SearchAction\",\"target\":{\"@type\":\"EntryPoint\",\"urlTemplate\":\"https:\\\/\\\/lecoquette.adrirodrigom6.es\\\/?s={search_term_string}\"},\"query-input\":{\"@type\":\"PropertyValueSpecification\",\"valueRequired\":true,\"valueName\":\"search_term_string\"}}],\"inLanguage\":\"es\"},{\"@type\":\"Organization\",\"@id\":\"https:\\\/\\\/lecoquette.adrirodrigom6.es\\\/#organization\",\"name\":\"Le Coquette\",\"url\":\"https:\\\/\\\/lecoquette.adrirodrigom6.es\\\/\",\"logo\":{\"@type\":\"ImageObject\",\"inLanguage\":\"es\",\"@id\":\"https:\\\/\\\/lecoquette.adrirodrigom6.es\\\/#\\\/schema\\\/logo\\\/image\\\/\",\"url\":\"https:\\\/\\\/lecoquette.adrirodrigom6.es\\\/wp-content\\\/uploads\\\/2025\\\/11\\\/Sin-titulo-250-x-250-px-e1774012720673.png\",\"contentUrl\":\"https:\\\/\\\/lecoquette.adrirodrigom6.es\\\/wp-content\\\/uploads\\\/2025\\\/11\\\/Sin-titulo-250-x-250-px-e1774012720673.png\",\"width\":204,\"height\":93,\"caption\":\"Le Coquette\"},\"image\":{\"@id\":\"https:\\\/\\\/lecoquette.adrirodrigom6.es\\\/#\\\/schema\\\/logo\\\/image\\\/\"}}]}<\/script>\n<!-- \/ Yoast SEO plugin. -->","yoast_head_json":{"title":"Mousse 25% Urea para Talones Agrietados - Le Coquette","robots":{"index":"noindex","follow":"follow","max-snippet":"max-snippet:-1","max-image-preview":"max-image-preview:large","max-video-preview":"max-video-preview:-1"},"og_locale":"es_ES","og_type":"article","og_title":"Mousse 25% Urea para Talones Agrietados - Le Coquette","og_description":"Repara la piel muy seca y agrietada","og_url":"https:\/\/lecoquette.adrirodrigom6.es\/es\/producto\/mousse-25-urea-para-talones-agrietados\/","og_site_name":"Le Coquette","article_modified_time":"2026-01-02T11:32:46+00:00","og_image":[{"width":830,"height":830,"url":"https:\/\/lecoquette.adrirodrigom6.es\/wp-content\/uploads\/2026\/01\/Mousse-25-Urea.jpg","type":"image\/jpeg"}],"twitter_card":"summary_large_image","twitter_misc":{"Tiempo de lectura":"1 minuto"},"schema":{"@context":"https:\/\/schema.org","@graph":[{"@type":"WebPage","@id":"https:\/\/lecoquette.adrirodrigom6.es\/producto\/mousse-25-urea-para-talones-agrietados\/","url":"https:\/\/lecoquette.adrirodrigom6.es\/producto\/mousse-25-urea-para-talones-agrietados\/","name":"Mousse 25% Urea para Talones Agrietados - Le Coquette","isPartOf":{"@id":"https:\/\/lecoquette.adrirodrigom6.es\/#website"},"primaryImageOfPage":{"@id":"https:\/\/lecoquette.adrirodrigom6.es\/producto\/mousse-25-urea-para-talones-agrietados\/#primaryimage"},"image":{"@id":"https:\/\/lecoquette.adrirodrigom6.es\/producto\/mousse-25-urea-para-talones-agrietados\/#primaryimage"},"thumbnailUrl":"https:\/\/lecoquette.adrirodrigom6.es\/wp-content\/uploads\/2026\/01\/Mousse-25-Urea.jpg","datePublished":"2026-01-02T11:32:18+00:00","dateModified":"2026-01-02T11:32:46+00:00","breadcrumb":{"@id":"https:\/\/lecoquette.adrirodrigom6.es\/producto\/mousse-25-urea-para-talones-agrietados\/#breadcrumb"},"inLanguage":"es","potentialAction":[{"@type":"ReadAction","target":["https:\/\/lecoquette.adrirodrigom6.es\/producto\/mousse-25-urea-para-talones-agrietados\/"]}]},{"@type":"ImageObject","inLanguage":"es","@id":"https:\/\/lecoquette.adrirodrigom6.es\/producto\/mousse-25-urea-para-talones-agrietados\/#primaryimage","url":"https:\/\/lecoquette.adrirodrigom6.es\/wp-content\/uploads\/2026\/01\/Mousse-25-Urea.jpg","contentUrl":"https:\/\/lecoquette.adrirodrigom6.es\/wp-content\/uploads\/2026\/01\/Mousse-25-Urea.jpg","width":830,"height":830},{"@type":"BreadcrumbList","@id":"https:\/\/lecoquette.adrirodrigom6.es\/producto\/mousse-25-urea-para-talones-agrietados\/#breadcrumb","itemListElement":[{"@type":"ListItem","position":1,"name":"Portada","item":"https:\/\/lecoquette.adrirodrigom6.es\/"},{"@type":"ListItem","position":2,"name":"Tienda","item":"https:\/\/lecoquette.adrirodrigom6.es\/tienda\/"},{"@type":"ListItem","position":3,"name":"Mousse 25% Urea para Talones Agrietados"}]},{"@type":"WebSite","@id":"https:\/\/lecoquette.adrirodrigom6.es\/#website","url":"https:\/\/lecoquette.adrirodrigom6.es\/","name":"Le Coquette","description":"","publisher":{"@id":"https:\/\/lecoquette.adrirodrigom6.es\/#organization"},"potentialAction":[{"@type":"SearchAction","target":{"@type":"EntryPoint","urlTemplate":"https:\/\/lecoquette.adrirodrigom6.es\/?s={search_term_string}"},"query-input":{"@type":"PropertyValueSpecification","valueRequired":true,"valueName":"search_term_string"}}],"inLanguage":"es"},{"@type":"Organization","@id":"https:\/\/lecoquette.adrirodrigom6.es\/#organization","name":"Le Coquette","url":"https:\/\/lecoquette.adrirodrigom6.es\/","logo":{"@type":"ImageObject","inLanguage":"es","@id":"https:\/\/lecoquette.adrirodrigom6.es\/#\/schema\/logo\/image\/","url":"https:\/\/lecoquette.adrirodrigom6.es\/wp-content\/uploads\/2025\/11\/Sin-titulo-250-x-250-px-e1774012720673.png","contentUrl":"https:\/\/lecoquette.adrirodrigom6.es\/wp-content\/uploads\/2025\/11\/Sin-titulo-250-x-250-px-e1774012720673.png","width":204,"height":93,"caption":"Le Coquette"},"image":{"@id":"https:\/\/lecoquette.adrirodrigom6.es\/#\/schema\/logo\/image\/"}}]}},"_links":{"self":[{"href":"https:\/\/lecoquette.adrirodrigom6.es\/es\/wp-json\/wp\/v2\/product\/601","targetHints":{"allow":["GET"]}}],"collection":[{"href":"https:\/\/lecoquette.adrirodrigom6.es\/es\/wp-json\/wp\/v2\/product"}],"about":[{"href":"https:\/\/lecoquette.adrirodrigom6.es\/es\/wp-json\/wp\/v2\/types\/product"}],"version-history":[{"count":1,"href":"https:\/\/lecoquette.adrirodrigom6.es\/es\/wp-json\/wp\/v2\/product\/601\/revisions"}],"predecessor-version":[{"id":605,"href":"https:\/\/lecoquette.adrirodrigom6.es\/es\/wp-json\/wp\/v2\/product\/601\/revisions\/605"}],"wp:featuredmedia":[{"embeddable":true,"href":"https:\/\/lecoquette.adrirodrigom6.es\/es\/wp-json\/wp\/v2\/media\/604"}],"wp:attachment":[{"href":"https:\/\/lecoquette.adrirodrigom6.es\/es\/wp-json\/wp\/v2\/media?parent=601"}],"wp:term":[{"taxonomy":"product_brand","embeddable":true,"href":"https:\/\/lecoquette.adrirodrigom6.es\/es\/wp-json\/wp\/v2\/product_brand?post=601"},{"taxonomy":"product_cat","embeddable":true,"href":"https:\/\/lecoquette.adrirodrigom6.es\/es\/wp-json\/wp\/v2\/product_cat?post=601"},{"taxonomy":"product_tag","embeddable":true,"href":"https:\/\/lecoquette.adrirodrigom6.es\/es\/wp-json\/wp\/v2\/product_tag?post=601"}],"curies":[{"name":"wp","href":"https:\/\/api.w.org\/{rel}","templated":true}]}}