{"id":624,"date":"2026-01-02T12:44:34","date_gmt":"2026-01-02T11:44:34","guid":{"rendered":"https:\/\/lecoquette.adrirodrigom6.es\/?post_type=product&#038;p=624"},"modified":"2026-01-02T12:44:34","modified_gmt":"2026-01-02T11:44:34","slug":"femwell-vital-collagen","status":"publish","type":"product","link":"https:\/\/lecoquette.adrirodrigom6.es\/en\/product\/femwell-vital-collagen\/","title":{"rendered":"FemWell Vital Collagen"},"content":{"rendered":"<p>Aporta una alta cantidad de col\u00e1geno hidrolizado por toma diaria, combinado con magnesio, vitamina C y \u00e1cido hialur\u00f3nico.<\/p>\n<p>Est\u00e1 pensado para apoyar el cuidado de articulaciones, huesos y piel, as\u00ed como el funcionamiento normal de m\u00fasculos y la formaci\u00f3n de col\u00e1geno cuando se integra en una dieta equilibrada y un estilo de vida saludable.<br \/>\nCol\u00e1geno hidrolizado: 10 g por toma diaria.<br \/>\nVitamina C (\u00e1cido L-asc\u00f3rbico): 80 mg (100% VRN*).<br \/>\n\u00c1cido hialur\u00f3nico: 5,5 mg.<\/p>\n<p><strong>Uso<\/strong><br \/>\nDosis diaria recomendada: 11 g (1 cacito raso).<\/p>\n<p>C\u00f3mo tomarlo: Disolver el cacito en agua, zumo, leche vegetal o animal, o en una infusi\u00f3n y<br \/>\nmezclar bien hasta su completa disoluci\u00f3n. 300gr<\/p>","protected":false},"excerpt":{"rendered":"<p>Colageno hidrolizado<\/p>","protected":false},"featured_media":625,"template":"","meta":[],"product_brand":[],"product_cat":[18],"product_tag":[],"class_list":{"0":"post-624","1":"product","2":"type-product","3":"status-publish","4":"has-post-thumbnail","6":"product_cat-autocuidado","8":"first","9":"instock","10":"taxable","11":"shipping-taxable","12":"purchasable","13":"product-type-simple"},"yoast_head":"<!-- This site is optimized with the Yoast SEO plugin v27.3 - https:\/\/yoast.com\/product\/yoast-seo-wordpress\/ -->\n<title>FemWell Vital Collagen - Le Coquette<\/title>\n<meta name=\"robots\" content=\"noindex, follow, max-snippet:-1, max-image-preview:large, max-video-preview:-1\" \/>\n<meta property=\"og:locale\" content=\"en_GB\" \/>\n<meta property=\"og:type\" content=\"article\" \/>\n<meta property=\"og:title\" content=\"FemWell Vital Collagen - Le Coquette\" \/>\n<meta property=\"og:description\" content=\"Colageno hidrolizado\" \/>\n<meta property=\"og:url\" content=\"https:\/\/lecoquette.adrirodrigom6.es\/en\/product\/femwell-vital-collagen\/\" \/>\n<meta property=\"og:site_name\" content=\"Le Coquette\" \/>\n<meta property=\"og:image\" content=\"https:\/\/lecoquette.adrirodrigom6.es\/wp-content\/uploads\/2026\/01\/FemWell-Vital-Collagen-.jpg\" \/>\n\t<meta property=\"og:image:width\" content=\"830\" \/>\n\t<meta property=\"og:image:height\" content=\"830\" \/>\n\t<meta property=\"og:image:type\" content=\"image\/jpeg\" \/>\n<meta name=\"twitter:card\" content=\"summary_large_image\" \/>\n<meta name=\"twitter:label1\" content=\"Estimated reading time\" \/>\n\t<meta name=\"twitter:data1\" content=\"1 minute\" \/>\n<script type=\"application\/ld+json\" class=\"yoast-schema-graph\">{\"@context\":\"https:\\\/\\\/schema.org\",\"@graph\":[{\"@type\":\"WebPage\",\"@id\":\"https:\\\/\\\/lecoquette.adrirodrigom6.es\\\/producto\\\/femwell-vital-collagen\\\/\",\"url\":\"https:\\\/\\\/lecoquette.adrirodrigom6.es\\\/producto\\\/femwell-vital-collagen\\\/\",\"name\":\"FemWell Vital Collagen - Le Coquette\",\"isPartOf\":{\"@id\":\"https:\\\/\\\/lecoquette.adrirodrigom6.es\\\/#website\"},\"primaryImageOfPage\":{\"@id\":\"https:\\\/\\\/lecoquette.adrirodrigom6.es\\\/producto\\\/femwell-vital-collagen\\\/#primaryimage\"},\"image\":{\"@id\":\"https:\\\/\\\/lecoquette.adrirodrigom6.es\\\/producto\\\/femwell-vital-collagen\\\/#primaryimage\"},\"thumbnailUrl\":\"https:\\\/\\\/lecoquette.adrirodrigom6.es\\\/wp-content\\\/uploads\\\/2026\\\/01\\\/FemWell-Vital-Collagen-.jpg\",\"datePublished\":\"2026-01-02T11:44:34+00:00\",\"breadcrumb\":{\"@id\":\"https:\\\/\\\/lecoquette.adrirodrigom6.es\\\/producto\\\/femwell-vital-collagen\\\/#breadcrumb\"},\"inLanguage\":\"en-GB\",\"potentialAction\":[{\"@type\":\"ReadAction\",\"target\":[\"https:\\\/\\\/lecoquette.adrirodrigom6.es\\\/producto\\\/femwell-vital-collagen\\\/\"]}]},{\"@type\":\"ImageObject\",\"inLanguage\":\"en-GB\",\"@id\":\"https:\\\/\\\/lecoquette.adrirodrigom6.es\\\/producto\\\/femwell-vital-collagen\\\/#primaryimage\",\"url\":\"https:\\\/\\\/lecoquette.adrirodrigom6.es\\\/wp-content\\\/uploads\\\/2026\\\/01\\\/FemWell-Vital-Collagen-.jpg\",\"contentUrl\":\"https:\\\/\\\/lecoquette.adrirodrigom6.es\\\/wp-content\\\/uploads\\\/2026\\\/01\\\/FemWell-Vital-Collagen-.jpg\",\"width\":830,\"height\":830},{\"@type\":\"BreadcrumbList\",\"@id\":\"https:\\\/\\\/lecoquette.adrirodrigom6.es\\\/producto\\\/femwell-vital-collagen\\\/#breadcrumb\",\"itemListElement\":[{\"@type\":\"ListItem\",\"position\":1,\"name\":\"Portada\",\"item\":\"https:\\\/\\\/lecoquette.adrirodrigom6.es\\\/\"},{\"@type\":\"ListItem\",\"position\":2,\"name\":\"Tienda\",\"item\":\"https:\\\/\\\/lecoquette.adrirodrigom6.es\\\/tienda\\\/\"},{\"@type\":\"ListItem\",\"position\":3,\"name\":\"FemWell Vital Collagen\"}]},{\"@type\":\"WebSite\",\"@id\":\"https:\\\/\\\/lecoquette.adrirodrigom6.es\\\/#website\",\"url\":\"https:\\\/\\\/lecoquette.adrirodrigom6.es\\\/\",\"name\":\"Le Coquette\",\"description\":\"\",\"publisher\":{\"@id\":\"https:\\\/\\\/lecoquette.adrirodrigom6.es\\\/#organization\"},\"potentialAction\":[{\"@type\":\"SearchAction\",\"target\":{\"@type\":\"EntryPoint\",\"urlTemplate\":\"https:\\\/\\\/lecoquette.adrirodrigom6.es\\\/?s={search_term_string}\"},\"query-input\":{\"@type\":\"PropertyValueSpecification\",\"valueRequired\":true,\"valueName\":\"search_term_string\"}}],\"inLanguage\":\"en-GB\"},{\"@type\":\"Organization\",\"@id\":\"https:\\\/\\\/lecoquette.adrirodrigom6.es\\\/#organization\",\"name\":\"Le Coquette\",\"url\":\"https:\\\/\\\/lecoquette.adrirodrigom6.es\\\/\",\"logo\":{\"@type\":\"ImageObject\",\"inLanguage\":\"en-GB\",\"@id\":\"https:\\\/\\\/lecoquette.adrirodrigom6.es\\\/#\\\/schema\\\/logo\\\/image\\\/\",\"url\":\"https:\\\/\\\/lecoquette.adrirodrigom6.es\\\/wp-content\\\/uploads\\\/2025\\\/11\\\/Sin-titulo-250-x-250-px-e1774012720673.png\",\"contentUrl\":\"https:\\\/\\\/lecoquette.adrirodrigom6.es\\\/wp-content\\\/uploads\\\/2025\\\/11\\\/Sin-titulo-250-x-250-px-e1774012720673.png\",\"width\":204,\"height\":93,\"caption\":\"Le Coquette\"},\"image\":{\"@id\":\"https:\\\/\\\/lecoquette.adrirodrigom6.es\\\/#\\\/schema\\\/logo\\\/image\\\/\"}}]}<\/script>\n<!-- \/ Yoast SEO plugin. -->","yoast_head_json":{"title":"FemWell Vital Collagen - Le Coquette","robots":{"index":"noindex","follow":"follow","max-snippet":"max-snippet:-1","max-image-preview":"max-image-preview:large","max-video-preview":"max-video-preview:-1"},"og_locale":"en_GB","og_type":"article","og_title":"FemWell Vital Collagen - Le Coquette","og_description":"Colageno hidrolizado","og_url":"https:\/\/lecoquette.adrirodrigom6.es\/en\/product\/femwell-vital-collagen\/","og_site_name":"Le Coquette","og_image":[{"width":830,"height":830,"url":"https:\/\/lecoquette.adrirodrigom6.es\/wp-content\/uploads\/2026\/01\/FemWell-Vital-Collagen-.jpg","type":"image\/jpeg"}],"twitter_card":"summary_large_image","twitter_misc":{"Estimated reading time":"1 minute"},"schema":{"@context":"https:\/\/schema.org","@graph":[{"@type":"WebPage","@id":"https:\/\/lecoquette.adrirodrigom6.es\/producto\/femwell-vital-collagen\/","url":"https:\/\/lecoquette.adrirodrigom6.es\/producto\/femwell-vital-collagen\/","name":"FemWell Vital Collagen - Le Coquette","isPartOf":{"@id":"https:\/\/lecoquette.adrirodrigom6.es\/#website"},"primaryImageOfPage":{"@id":"https:\/\/lecoquette.adrirodrigom6.es\/producto\/femwell-vital-collagen\/#primaryimage"},"image":{"@id":"https:\/\/lecoquette.adrirodrigom6.es\/producto\/femwell-vital-collagen\/#primaryimage"},"thumbnailUrl":"https:\/\/lecoquette.adrirodrigom6.es\/wp-content\/uploads\/2026\/01\/FemWell-Vital-Collagen-.jpg","datePublished":"2026-01-02T11:44:34+00:00","breadcrumb":{"@id":"https:\/\/lecoquette.adrirodrigom6.es\/producto\/femwell-vital-collagen\/#breadcrumb"},"inLanguage":"en-GB","potentialAction":[{"@type":"ReadAction","target":["https:\/\/lecoquette.adrirodrigom6.es\/producto\/femwell-vital-collagen\/"]}]},{"@type":"ImageObject","inLanguage":"en-GB","@id":"https:\/\/lecoquette.adrirodrigom6.es\/producto\/femwell-vital-collagen\/#primaryimage","url":"https:\/\/lecoquette.adrirodrigom6.es\/wp-content\/uploads\/2026\/01\/FemWell-Vital-Collagen-.jpg","contentUrl":"https:\/\/lecoquette.adrirodrigom6.es\/wp-content\/uploads\/2026\/01\/FemWell-Vital-Collagen-.jpg","width":830,"height":830},{"@type":"BreadcrumbList","@id":"https:\/\/lecoquette.adrirodrigom6.es\/producto\/femwell-vital-collagen\/#breadcrumb","itemListElement":[{"@type":"ListItem","position":1,"name":"Portada","item":"https:\/\/lecoquette.adrirodrigom6.es\/"},{"@type":"ListItem","position":2,"name":"Tienda","item":"https:\/\/lecoquette.adrirodrigom6.es\/tienda\/"},{"@type":"ListItem","position":3,"name":"FemWell Vital Collagen"}]},{"@type":"WebSite","@id":"https:\/\/lecoquette.adrirodrigom6.es\/#website","url":"https:\/\/lecoquette.adrirodrigom6.es\/","name":"Le Coquette","description":"","publisher":{"@id":"https:\/\/lecoquette.adrirodrigom6.es\/#organization"},"potentialAction":[{"@type":"SearchAction","target":{"@type":"EntryPoint","urlTemplate":"https:\/\/lecoquette.adrirodrigom6.es\/?s={search_term_string}"},"query-input":{"@type":"PropertyValueSpecification","valueRequired":true,"valueName":"search_term_string"}}],"inLanguage":"en-GB"},{"@type":"Organization","@id":"https:\/\/lecoquette.adrirodrigom6.es\/#organization","name":"Le Coquette","url":"https:\/\/lecoquette.adrirodrigom6.es\/","logo":{"@type":"ImageObject","inLanguage":"en-GB","@id":"https:\/\/lecoquette.adrirodrigom6.es\/#\/schema\/logo\/image\/","url":"https:\/\/lecoquette.adrirodrigom6.es\/wp-content\/uploads\/2025\/11\/Sin-titulo-250-x-250-px-e1774012720673.png","contentUrl":"https:\/\/lecoquette.adrirodrigom6.es\/wp-content\/uploads\/2025\/11\/Sin-titulo-250-x-250-px-e1774012720673.png","width":204,"height":93,"caption":"Le Coquette"},"image":{"@id":"https:\/\/lecoquette.adrirodrigom6.es\/#\/schema\/logo\/image\/"}}]}},"_links":{"self":[{"href":"https:\/\/lecoquette.adrirodrigom6.es\/en\/wp-json\/wp\/v2\/product\/624","targetHints":{"allow":["GET"]}}],"collection":[{"href":"https:\/\/lecoquette.adrirodrigom6.es\/en\/wp-json\/wp\/v2\/product"}],"about":[{"href":"https:\/\/lecoquette.adrirodrigom6.es\/en\/wp-json\/wp\/v2\/types\/product"}],"version-history":[{"count":1,"href":"https:\/\/lecoquette.adrirodrigom6.es\/en\/wp-json\/wp\/v2\/product\/624\/revisions"}],"predecessor-version":[{"id":626,"href":"https:\/\/lecoquette.adrirodrigom6.es\/en\/wp-json\/wp\/v2\/product\/624\/revisions\/626"}],"wp:featuredmedia":[{"embeddable":true,"href":"https:\/\/lecoquette.adrirodrigom6.es\/en\/wp-json\/wp\/v2\/media\/625"}],"wp:attachment":[{"href":"https:\/\/lecoquette.adrirodrigom6.es\/en\/wp-json\/wp\/v2\/media?parent=624"}],"wp:term":[{"taxonomy":"product_brand","embeddable":true,"href":"https:\/\/lecoquette.adrirodrigom6.es\/en\/wp-json\/wp\/v2\/product_brand?post=624"},{"taxonomy":"product_cat","embeddable":true,"href":"https:\/\/lecoquette.adrirodrigom6.es\/en\/wp-json\/wp\/v2\/product_cat?post=624"},{"taxonomy":"product_tag","embeddable":true,"href":"https:\/\/lecoquette.adrirodrigom6.es\/en\/wp-json\/wp\/v2\/product_tag?post=624"}],"curies":[{"name":"wp","href":"https:\/\/api.w.org\/{rel}","templated":true}]}}