{"id":661,"date":"2026-01-02T13:23:57","date_gmt":"2026-01-02T12:23:57","guid":{"rendered":"https:\/\/lecoquette.adrirodrigom6.es\/?page_id=661"},"modified":"2026-03-29T11:35:59","modified_gmt":"2026-03-29T09:35:59","slug":"centro","status":"publish","type":"page","link":"https:\/\/lecoquette.adrirodrigom6.es\/ca\/centro\/","title":{"rendered":"Centro"},"content":{"rendered":"<div data-elementor-type=\"wp-page\" data-elementor-id=\"661\" class=\"elementor elementor-661\" data-elementor-post-type=\"page\">\n\t\t\t\t<div class=\"elementor-element elementor-element-64950b9 e-flex e-con-boxed e-con e-parent\" data-id=\"64950b9\" data-element_type=\"container\" data-e-type=\"container\">\n\t\t\t\t\t<div class=\"e-con-inner\">\n\t\t<div class=\"elementor-element elementor-element-4941804 e-flex e-con-boxed e-con e-child\" data-id=\"4941804\" data-element_type=\"container\" data-e-type=\"container\" data-settings=\"{&quot;background_background&quot;:&quot;classic&quot;}\">\n\t\t\t\t\t<div class=\"e-con-inner\">\n\t\t\t\t<div class=\"elementor-element elementor-element-4cbf235 elementor-widget elementor-widget-heading\" data-id=\"4cbf235\" data-element_type=\"widget\" data-e-type=\"widget\" data-widget_type=\"heading.default\">\n\t\t\t\t\t<h1 class=\"elementor-heading-title elementor-size-default\">CENTRO<\/h1>\t\t\t\t<\/div>\n\t\t\t\t\t<\/div>\n\t\t\t\t<\/div>\n\t\t\t\t\t<\/div>\n\t\t\t\t<\/div>\n\t\t<div class=\"elementor-element elementor-element-751e348 e-flex e-con-boxed e-con e-parent\" data-id=\"751e348\" data-element_type=\"container\" data-e-type=\"container\">\n\t\t\t\t\t<div class=\"e-con-inner\">\n\t\t<div class=\"elementor-element elementor-element-1ec8d99 e-con-full e-flex e-con e-child\" data-id=\"1ec8d99\" data-element_type=\"container\" data-e-type=\"container\">\n\t\t<div class=\"elementor-element elementor-element-9d952ce e-con-full e-flex e-con e-child\" data-id=\"9d952ce\" data-element_type=\"container\" data-e-type=\"container\">\n\t\t\t\t<div class=\"elementor-element elementor-element-c6651b6 elementor-pagination-position-inside elementor-widget elementor-widget-image-carousel\" data-id=\"c6651b6\" data-element_type=\"widget\" data-e-type=\"widget\" data-settings=\"{&quot;slides_to_show&quot;:&quot;1&quot;,&quot;navigation&quot;:&quot;dots&quot;,&quot;autoplay&quot;:&quot;yes&quot;,&quot;pause_on_hover&quot;:&quot;yes&quot;,&quot;pause_on_interaction&quot;:&quot;yes&quot;,&quot;autoplay_speed&quot;:5000,&quot;infinite&quot;:&quot;yes&quot;,&quot;effect&quot;:&quot;slide&quot;,&quot;speed&quot;:500}\" data-widget_type=\"image-carousel.default\">\n\t\t\t\t\t\t\t<div class=\"elementor-image-carousel-wrapper swiper\" role=\"region\" aria-roledescription=\"carousel\" aria-label=\"Carrusel de im\u00e1genes\" dir=\"ltr\">\n\t\t\t<div class=\"elementor-image-carousel swiper-wrapper\" aria-live=\"off\">\n\t\t\t\t\t\t\t\t<div class=\"swiper-slide\" role=\"group\" aria-roledescription=\"slide\" aria-label=\"1 de 3\"><figure class=\"swiper-slide-inner\"><img decoding=\"async\" class=\"swiper-slide-image\" src=\"https:\/\/lecoquette.adrirodrigom6.es\/wp-content\/uploads\/2026\/01\/centro-3.jpg\" alt=\"centro-3\" \/><\/figure><\/div><div class=\"swiper-slide\" role=\"group\" aria-roledescription=\"slide\" aria-label=\"2 de 3\"><figure class=\"swiper-slide-inner\"><img decoding=\"async\" class=\"swiper-slide-image\" src=\"https:\/\/lecoquette.adrirodrigom6.es\/wp-content\/uploads\/2026\/01\/centro-2.jpg\" alt=\"centro-2\" \/><\/figure><\/div><div class=\"swiper-slide\" role=\"group\" aria-roledescription=\"slide\" aria-label=\"3 de 3\"><figure class=\"swiper-slide-inner\"><img decoding=\"async\" class=\"swiper-slide-image\" src=\"https:\/\/lecoquette.adrirodrigom6.es\/wp-content\/uploads\/2026\/01\/centro-1.jpg\" alt=\"centro-1\" \/><\/figure><\/div>\t\t\t<\/div>\n\t\t\t\t\t\t\t\n\t\t\t\t\t\t\t\t\t<div class=\"swiper-pagination\"><\/div>\n\t\t\t\t\t\t\t\t\t<\/div>\n\t\t\t\t\t\t<\/div>\n\t\t\t\t<\/div>\n\t\t<div class=\"elementor-element elementor-element-11aa1ea e-con-full e-flex e-con e-child\" data-id=\"11aa1ea\" data-element_type=\"container\" data-e-type=\"container\">\n\t\t\t\t<div class=\"elementor-element elementor-element-9f560ef elementor-widget elementor-widget-heading\" data-id=\"9f560ef\" data-element_type=\"widget\" data-e-type=\"widget\" data-widget_type=\"heading.default\">\n\t\t\t\t\t<h4 class=\"elementor-heading-title elementor-size-default\">Ven a conocernos<\/h4>\t\t\t\t<\/div>\n\t\t\t\t<div class=\"elementor-element elementor-element-a49378b elementor-widget__width-initial elementor-widget elementor-widget-heading\" data-id=\"a49378b\" data-element_type=\"widget\" data-e-type=\"widget\" data-widget_type=\"heading.default\">\n\t\t\t\t\t<h2 class=\"elementor-heading-title elementor-size-default\">Nuestro centro<\/h2>\t\t\t\t<\/div>\n\t\t\t\t<div class=\"elementor-element elementor-element-d763da0 elementor-widget elementor-widget-text-editor\" data-id=\"d763da0\" data-element_type=\"widget\" data-e-type=\"widget\" data-widget_type=\"text-editor.default\">\n\t\t\t\t\t\t\t\t\t<p>En nuestro centro creemos firmemente que la belleza empieza por el conocimiento, la profesionalidad y la pasi\u00f3n por hacer las cosas bien. Por eso, uno de nuestros pilares fundamentales es la formaci\u00f3n continua: aprendemos, evolucionamos y nos actualizamos constantemente para poder ofrecer siempre lo mejor.<\/p><p>Apostamos por la innovaci\u00f3n, por estar a la vanguardia de las \u00faltimas tecnolog\u00edas est\u00e9ticas y por incorporar tratamientos y protocolos de m\u00e1xima eficacia.\u00a0<\/p><p>Apostamos por marcas que invierten en investigaci\u00f3n, evoluci\u00f3n constante y mejora continua, porque compartimos la misma filosof\u00eda: ofrecer siempre lo mejor a nuestros clientes.\u00a0<\/p><p>Cada producto que utilizamos ha sido elegido con rigor, pensando en el cuidado, resultado y\u00a0 el bienestar y la excelencia en cada tratamiento.<\/p>\t\t\t\t\t\t\t\t<\/div>\n\t\t\t\t<div class=\"elementor-element elementor-element-f63c833 elementor-align-center elementor-widget elementor-widget-button\" data-id=\"f63c833\" data-element_type=\"widget\" data-e-type=\"widget\" data-widget_type=\"button.default\">\n\t\t\t\t\t\t\t\t\t\t<a class=\"elementor-button elementor-button-link elementor-size-sm\" href=\"https:\/\/lecoquette.adrirodrigom6.es\/ca\/contacto\/\">\n\t\t\t\t\t\t<span class=\"elementor-button-content-wrapper\">\n\t\t\t\t\t\t\t\t\t<span class=\"elementor-button-text\">Cont\u00e1ctanos<\/span>\n\t\t\t\t\t<\/span>\n\t\t\t\t\t<\/a>\n\t\t\t\t\t\t\t\t<\/div>\n\t\t\t\t<\/div>\n\t\t\t\t<\/div>\n\t\t\t\t\t<\/div>\n\t\t\t\t<\/div>\n\t\t<div class=\"elementor-element elementor-element-d53f8b3 e-flex e-con-boxed e-con e-parent\" data-id=\"d53f8b3\" data-element_type=\"container\" data-e-type=\"container\" data-settings=\"{&quot;background_background&quot;:&quot;classic&quot;}\">\n\t\t\t\t\t<div class=\"e-con-inner\">\n\t\t<div class=\"elementor-element elementor-element-95595bf e-con-full e-flex e-con e-child\" data-id=\"95595bf\" data-element_type=\"container\" data-e-type=\"container\">\n\t\t\t\t<div class=\"elementor-element elementor-element-a87c69d elementor-widget elementor-widget-heading\" data-id=\"a87c69d\" data-element_type=\"widget\" data-e-type=\"widget\" data-widget_type=\"heading.default\">\n\t\t\t\t\t<h4 class=\"elementor-heading-title elementor-size-default\">Escr\u00edbenos<\/h4>\t\t\t\t<\/div>\n\t\t\t\t<div class=\"elementor-element elementor-element-40f3548 elementor-widget__width-initial elementor-widget elementor-widget-heading\" data-id=\"40f3548\" data-element_type=\"widget\" data-e-type=\"widget\" data-widget_type=\"heading.default\">\n\t\t\t\t\t<h2 class=\"elementor-heading-title elementor-size-default\">Te queremos ayudar<\/h2>\t\t\t\t<\/div>\n\t\t\t\t<div class=\"elementor-element elementor-element-10b0a43 elementor-widget__width-initial elementor-widget elementor-widget-text-editor\" data-id=\"10b0a43\" data-element_type=\"widget\" data-e-type=\"widget\" data-widget_type=\"text-editor.default\">\n\t\t\t\t\t\t\t\t\t<p>Contacta con nosotros si necesitas m\u00e1s informaci\u00f3n o si tienes alguna consulta sobre nuestros servicios.<\/p>\t\t\t\t\t\t\t\t<\/div>\n\t\t<div class=\"elementor-element elementor-element-7ce62c6 e-con-full e-flex e-con e-child\" data-id=\"7ce62c6\" data-element_type=\"container\" data-e-type=\"container\">\n\t\t<div class=\"elementor-element elementor-element-6808812 e-con-full e-flex e-con e-child\" data-id=\"6808812\" data-element_type=\"container\" data-e-type=\"container\">\n\t\t\t\t<div class=\"elementor-element elementor-element-20fc9e5 elementor-view-default elementor-position-block-start elementor-mobile-position-block-start elementor-widget elementor-widget-icon-box\" data-id=\"20fc9e5\" data-element_type=\"widget\" data-e-type=\"widget\" data-widget_type=\"icon-box.default\">\n\t\t\t\t\t\t\t<div class=\"elementor-icon-box-wrapper\">\n\n\t\t\t\t\t\t<div class=\"elementor-icon-box-icon\">\n\t\t\t\t<span  class=\"elementor-icon\">\n\t\t\t\t<svg aria-hidden=\"true\" class=\"e-font-icon-svg e-fas-phone-alt\" viewbox=\"0 0 512 512\" xmlns=\"http:\/\/www.w3.org\/2000\/svg\"><path d=\"M497.39 361.8l-112-48a24 24 0 0 0-28 6.9l-49.6 60.6A370.66 370.66 0 0 1 130.6 204.11l60.6-49.6a23.94 23.94 0 0 0 6.9-28l-48-112A24.16 24.16 0 0 0 122.6.61l-104 24A24 24 0 0 0 0 48c0 256.5 207.9 464 464 464a24 24 0 0 0 23.4-18.6l24-104a24.29 24.29 0 0 0-14.01-27.6z\"><\/path><\/svg>\t\t\t\t<\/span>\n\t\t\t<\/div>\n\t\t\t\n\t\t\t\t\t\t<div class=\"elementor-icon-box-content\">\n\n\t\t\t\t\t\t\t\t\t<h3 class=\"elementor-icon-box-title\">\n\t\t\t\t\t\t<span  >\n\t\t\t\t\t\t\tTel\u00e9fono\t\t\t\t\t\t<\/span>\n\t\t\t\t\t<\/h3>\n\t\t\t\t\n\t\t\t\t\t\t\t\t\t<p class=\"elementor-icon-box-description\">\n\t\t\t\t\t\t+34 603 429 737\t\t\t\t\t<\/p>\n\t\t\t\t\n\t\t\t<\/div>\n\t\t\t\n\t\t<\/div>\n\t\t\t\t\t\t<\/div>\n\t\t\t\t<\/div>\n\t\t<div class=\"elementor-element elementor-element-0819402 e-con-full e-flex e-con e-child\" data-id=\"0819402\" data-element_type=\"container\" data-e-type=\"container\">\n\t\t\t\t<div class=\"elementor-element elementor-element-56e0114 elementor-view-default elementor-position-block-start elementor-mobile-position-block-start elementor-widget elementor-widget-icon-box\" data-id=\"56e0114\" data-element_type=\"widget\" data-e-type=\"widget\" data-widget_type=\"icon-box.default\">\n\t\t\t\t\t\t\t<div class=\"elementor-icon-box-wrapper\">\n\n\t\t\t\t\t\t<div class=\"elementor-icon-box-icon\">\n\t\t\t\t<span  class=\"elementor-icon\">\n\t\t\t\t<svg aria-hidden=\"true\" class=\"e-font-icon-svg e-fas-phone-alt\" viewbox=\"0 0 512 512\" xmlns=\"http:\/\/www.w3.org\/2000\/svg\"><path d=\"M497.39 361.8l-112-48a24 24 0 0 0-28 6.9l-49.6 60.6A370.66 370.66 0 0 1 130.6 204.11l60.6-49.6a23.94 23.94 0 0 0 6.9-28l-48-112A24.16 24.16 0 0 0 122.6.61l-104 24A24 24 0 0 0 0 48c0 256.5 207.9 464 464 464a24 24 0 0 0 23.4-18.6l24-104a24.29 24.29 0 0 0-14.01-27.6z\"><\/path><\/svg>\t\t\t\t<\/span>\n\t\t\t<\/div>\n\t\t\t\n\t\t\t\t\t\t<div class=\"elementor-icon-box-content\">\n\n\t\t\t\t\t\t\t\t\t<h3 class=\"elementor-icon-box-title\">\n\t\t\t\t\t\t<span  >\n\t\t\t\t\t\t\tTel\u00e9fono\t\t\t\t\t\t<\/span>\n\t\t\t\t\t<\/h3>\n\t\t\t\t\n\t\t\t\t\t\t\t\t\t<p class=\"elementor-icon-box-description\">\n\t\t\t\t\t\t+34 937 637 017\t\t\t\t\t<\/p>\n\t\t\t\t\n\t\t\t<\/div>\n\t\t\t\n\t\t<\/div>\n\t\t\t\t\t\t<\/div>\n\t\t\t\t<\/div>\n\t\t<div class=\"elementor-element elementor-element-8b8664c e-con-full e-flex e-con e-child\" data-id=\"8b8664c\" data-element_type=\"container\" data-e-type=\"container\">\n\t\t\t\t<div class=\"elementor-element elementor-element-5ae069f elementor-view-default elementor-position-block-start elementor-mobile-position-block-start elementor-widget elementor-widget-icon-box\" data-id=\"5ae069f\" data-element_type=\"widget\" data-e-type=\"widget\" data-widget_type=\"icon-box.default\">\n\t\t\t\t\t\t\t<div class=\"elementor-icon-box-wrapper\">\n\n\t\t\t\t\t\t<div class=\"elementor-icon-box-icon\">\n\t\t\t\t<span  class=\"elementor-icon\">\n\t\t\t\t<svg aria-hidden=\"true\" class=\"e-font-icon-svg e-fas-mail-bulk\" viewbox=\"0 0 576 512\" xmlns=\"http:\/\/www.w3.org\/2000\/svg\"><path d=\"M160 448c-25.6 0-51.2-22.4-64-32-64-44.8-83.2-60.8-96-70.4V480c0 17.67 14.33 32 32 32h256c17.67 0 32-14.33 32-32V345.6c-12.8 9.6-32 25.6-96 70.4-12.8 9.6-38.4 32-64 32zm128-192H32c-17.67 0-32 14.33-32 32v16c25.6 19.2 22.4 19.2 115.2 86.4 9.6 6.4 28.8 25.6 44.8 25.6s35.2-19.2 44.8-22.4c92.8-67.2 89.6-67.2 115.2-86.4V288c0-17.67-14.33-32-32-32zm256-96H224c-17.67 0-32 14.33-32 32v32h96c33.21 0 60.59 25.42 63.71 57.82l.29-.22V416h192c17.67 0 32-14.33 32-32V192c0-17.67-14.33-32-32-32zm-32 128h-64v-64h64v64zm-352-96c0-35.29 28.71-64 64-64h224V32c0-17.67-14.33-32-32-32H96C78.33 0 64 14.33 64 32v192h96v-32z\"><\/path><\/svg>\t\t\t\t<\/span>\n\t\t\t<\/div>\n\t\t\t\n\t\t\t\t\t\t<div class=\"elementor-icon-box-content\">\n\n\t\t\t\t\t\t\t\t\t<h3 class=\"elementor-icon-box-title\">\n\t\t\t\t\t\t<span  >\n\t\t\t\t\t\t\tE-mail\t\t\t\t\t\t<\/span>\n\t\t\t\t\t<\/h3>\n\t\t\t\t\n\t\t\t\t\t\t\t\t\t<p class=\"elementor-icon-box-description\">\n\t\t\t\t\t\tlecoquettesc@gmail.com\t\t\t\t\t<\/p>\n\t\t\t\t\n\t\t\t<\/div>\n\t\t\t\n\t\t<\/div>\n\t\t\t\t\t\t<\/div>\n\t\t\t\t<\/div>\n\t\t\t\t<\/div>\n\t\t\t\t<\/div>\n\t\t\t\t\t<\/div>\n\t\t\t\t<\/div>\n\t\t\t\t<\/div>","protected":false},"excerpt":{"rendered":"<p>CENTRO Ven a conocernos Nuestro centro En nuestro centro creemos firmemente que la belleza empieza por el conocimiento, la profesionalidad y la pasi\u00f3n por hacer las cosas bien. Por eso, uno de nuestros pilares fundamentales es la formaci\u00f3n continua: aprendemos, evolucionamos y nos actualizamos constantemente para poder ofrecer siempre lo mejor. Apostamos por la innovaci\u00f3n, [&hellip;]<\/p>\n","protected":false},"author":8,"featured_media":0,"parent":0,"menu_order":0,"comment_status":"closed","ping_status":"closed","template":"","meta":{"footnotes":""},"class_list":["post-661","page","type-page","status-publish","hentry"],"yoast_head":"<!-- This site is optimized with the Yoast SEO plugin v27.3 - https:\/\/yoast.com\/product\/yoast-seo-wordpress\/ -->\n<title>Centro - Le Coquette<\/title>\n<meta name=\"robots\" content=\"noindex, follow, max-snippet:-1, max-image-preview:large, max-video-preview:-1\" \/>\n<meta property=\"og:locale\" content=\"ca_ES\" \/>\n<meta property=\"og:type\" content=\"article\" \/>\n<meta property=\"og:title\" content=\"Centro - Le Coquette\" \/>\n<meta property=\"og:description\" content=\"CENTRO Ven a conocernos Nuestro centro En nuestro centro creemos firmemente que la belleza empieza por el conocimiento, la profesionalidad y la pasi\u00f3n por hacer las cosas bien. Por eso, uno de nuestros pilares fundamentales es la formaci\u00f3n continua: aprendemos, evolucionamos y nos actualizamos constantemente para poder ofrecer siempre lo mejor. Apostamos por la innovaci\u00f3n, [&hellip;]\" \/>\n<meta property=\"og:url\" content=\"https:\/\/lecoquette.adrirodrigom6.es\/ca\/centro\/\" \/>\n<meta property=\"og:site_name\" content=\"Le Coquette\" \/>\n<meta property=\"article:modified_time\" content=\"2026-03-29T09:35:59+00:00\" \/>\n<meta property=\"og:image\" content=\"https:\/\/lecoquette.adrirodrigom6.es\/wp-content\/uploads\/2026\/01\/centro-3.jpg\" \/>\n<meta name=\"twitter:card\" content=\"summary_large_image\" \/>\n<meta name=\"twitter:label1\" content=\"Temps estimat de lectura\" \/>\n\t<meta name=\"twitter:data1\" content=\"2 minuts\" \/>\n<script type=\"application\/ld+json\" class=\"yoast-schema-graph\">{\"@context\":\"https:\\\/\\\/schema.org\",\"@graph\":[{\"@type\":\"WebPage\",\"@id\":\"https:\\\/\\\/lecoquette.adrirodrigom6.es\\\/centro\\\/\",\"url\":\"https:\\\/\\\/lecoquette.adrirodrigom6.es\\\/centro\\\/\",\"name\":\"Centro - Le Coquette\",\"isPartOf\":{\"@id\":\"https:\\\/\\\/lecoquette.adrirodrigom6.es\\\/#website\"},\"primaryImageOfPage\":{\"@id\":\"https:\\\/\\\/lecoquette.adrirodrigom6.es\\\/centro\\\/#primaryimage\"},\"image\":{\"@id\":\"https:\\\/\\\/lecoquette.adrirodrigom6.es\\\/centro\\\/#primaryimage\"},\"thumbnailUrl\":\"https:\\\/\\\/lecoquette.adrirodrigom6.es\\\/wp-content\\\/uploads\\\/2026\\\/01\\\/centro-3.jpg\",\"datePublished\":\"2026-01-02T12:23:57+00:00\",\"dateModified\":\"2026-03-29T09:35:59+00:00\",\"breadcrumb\":{\"@id\":\"https:\\\/\\\/lecoquette.adrirodrigom6.es\\\/centro\\\/#breadcrumb\"},\"inLanguage\":\"ca\",\"potentialAction\":[{\"@type\":\"ReadAction\",\"target\":[\"https:\\\/\\\/lecoquette.adrirodrigom6.es\\\/centro\\\/\"]}]},{\"@type\":\"ImageObject\",\"inLanguage\":\"ca\",\"@id\":\"https:\\\/\\\/lecoquette.adrirodrigom6.es\\\/centro\\\/#primaryimage\",\"url\":\"https:\\\/\\\/lecoquette.adrirodrigom6.es\\\/wp-content\\\/uploads\\\/2026\\\/01\\\/centro-3.jpg\",\"contentUrl\":\"https:\\\/\\\/lecoquette.adrirodrigom6.es\\\/wp-content\\\/uploads\\\/2026\\\/01\\\/centro-3.jpg\"},{\"@type\":\"BreadcrumbList\",\"@id\":\"https:\\\/\\\/lecoquette.adrirodrigom6.es\\\/centro\\\/#breadcrumb\",\"itemListElement\":[{\"@type\":\"ListItem\",\"position\":1,\"name\":\"Portada\",\"item\":\"https:\\\/\\\/lecoquette.adrirodrigom6.es\\\/\"},{\"@type\":\"ListItem\",\"position\":2,\"name\":\"Centro\"}]},{\"@type\":\"WebSite\",\"@id\":\"https:\\\/\\\/lecoquette.adrirodrigom6.es\\\/#website\",\"url\":\"https:\\\/\\\/lecoquette.adrirodrigom6.es\\\/\",\"name\":\"Le Coquette\",\"description\":\"\",\"publisher\":{\"@id\":\"https:\\\/\\\/lecoquette.adrirodrigom6.es\\\/#organization\"},\"potentialAction\":[{\"@type\":\"SearchAction\",\"target\":{\"@type\":\"EntryPoint\",\"urlTemplate\":\"https:\\\/\\\/lecoquette.adrirodrigom6.es\\\/?s={search_term_string}\"},\"query-input\":{\"@type\":\"PropertyValueSpecification\",\"valueRequired\":true,\"valueName\":\"search_term_string\"}}],\"inLanguage\":\"ca\"},{\"@type\":\"Organization\",\"@id\":\"https:\\\/\\\/lecoquette.adrirodrigom6.es\\\/#organization\",\"name\":\"Le Coquette\",\"url\":\"https:\\\/\\\/lecoquette.adrirodrigom6.es\\\/\",\"logo\":{\"@type\":\"ImageObject\",\"inLanguage\":\"ca\",\"@id\":\"https:\\\/\\\/lecoquette.adrirodrigom6.es\\\/#\\\/schema\\\/logo\\\/image\\\/\",\"url\":\"https:\\\/\\\/lecoquette.adrirodrigom6.es\\\/wp-content\\\/uploads\\\/2025\\\/11\\\/Sin-titulo-250-x-250-px-e1774012720673.png\",\"contentUrl\":\"https:\\\/\\\/lecoquette.adrirodrigom6.es\\\/wp-content\\\/uploads\\\/2025\\\/11\\\/Sin-titulo-250-x-250-px-e1774012720673.png\",\"width\":204,\"height\":93,\"caption\":\"Le Coquette\"},\"image\":{\"@id\":\"https:\\\/\\\/lecoquette.adrirodrigom6.es\\\/#\\\/schema\\\/logo\\\/image\\\/\"}}]}<\/script>\n<!-- \/ Yoast SEO plugin. -->","yoast_head_json":{"title":"Centro - Le Coquette","robots":{"index":"noindex","follow":"follow","max-snippet":"max-snippet:-1","max-image-preview":"max-image-preview:large","max-video-preview":"max-video-preview:-1"},"og_locale":"ca_ES","og_type":"article","og_title":"Centro - Le Coquette","og_description":"CENTRO Ven a conocernos Nuestro centro En nuestro centro creemos firmemente que la belleza empieza por el conocimiento, la profesionalidad y la pasi\u00f3n por hacer las cosas bien. Por eso, uno de nuestros pilares fundamentales es la formaci\u00f3n continua: aprendemos, evolucionamos y nos actualizamos constantemente para poder ofrecer siempre lo mejor. Apostamos por la innovaci\u00f3n, [&hellip;]","og_url":"https:\/\/lecoquette.adrirodrigom6.es\/ca\/centro\/","og_site_name":"Le Coquette","article_modified_time":"2026-03-29T09:35:59+00:00","og_image":[{"url":"https:\/\/lecoquette.adrirodrigom6.es\/wp-content\/uploads\/2026\/01\/centro-3.jpg","type":"","width":"","height":""}],"twitter_card":"summary_large_image","twitter_misc":{"Temps estimat de lectura":"2 minuts"},"schema":{"@context":"https:\/\/schema.org","@graph":[{"@type":"WebPage","@id":"https:\/\/lecoquette.adrirodrigom6.es\/centro\/","url":"https:\/\/lecoquette.adrirodrigom6.es\/centro\/","name":"Centro - Le Coquette","isPartOf":{"@id":"https:\/\/lecoquette.adrirodrigom6.es\/#website"},"primaryImageOfPage":{"@id":"https:\/\/lecoquette.adrirodrigom6.es\/centro\/#primaryimage"},"image":{"@id":"https:\/\/lecoquette.adrirodrigom6.es\/centro\/#primaryimage"},"thumbnailUrl":"https:\/\/lecoquette.adrirodrigom6.es\/wp-content\/uploads\/2026\/01\/centro-3.jpg","datePublished":"2026-01-02T12:23:57+00:00","dateModified":"2026-03-29T09:35:59+00:00","breadcrumb":{"@id":"https:\/\/lecoquette.adrirodrigom6.es\/centro\/#breadcrumb"},"inLanguage":"ca","potentialAction":[{"@type":"ReadAction","target":["https:\/\/lecoquette.adrirodrigom6.es\/centro\/"]}]},{"@type":"ImageObject","inLanguage":"ca","@id":"https:\/\/lecoquette.adrirodrigom6.es\/centro\/#primaryimage","url":"https:\/\/lecoquette.adrirodrigom6.es\/wp-content\/uploads\/2026\/01\/centro-3.jpg","contentUrl":"https:\/\/lecoquette.adrirodrigom6.es\/wp-content\/uploads\/2026\/01\/centro-3.jpg"},{"@type":"BreadcrumbList","@id":"https:\/\/lecoquette.adrirodrigom6.es\/centro\/#breadcrumb","itemListElement":[{"@type":"ListItem","position":1,"name":"Portada","item":"https:\/\/lecoquette.adrirodrigom6.es\/"},{"@type":"ListItem","position":2,"name":"Centro"}]},{"@type":"WebSite","@id":"https:\/\/lecoquette.adrirodrigom6.es\/#website","url":"https:\/\/lecoquette.adrirodrigom6.es\/","name":"Le Coquette","description":"","publisher":{"@id":"https:\/\/lecoquette.adrirodrigom6.es\/#organization"},"potentialAction":[{"@type":"SearchAction","target":{"@type":"EntryPoint","urlTemplate":"https:\/\/lecoquette.adrirodrigom6.es\/?s={search_term_string}"},"query-input":{"@type":"PropertyValueSpecification","valueRequired":true,"valueName":"search_term_string"}}],"inLanguage":"ca"},{"@type":"Organization","@id":"https:\/\/lecoquette.adrirodrigom6.es\/#organization","name":"Le Coquette","url":"https:\/\/lecoquette.adrirodrigom6.es\/","logo":{"@type":"ImageObject","inLanguage":"ca","@id":"https:\/\/lecoquette.adrirodrigom6.es\/#\/schema\/logo\/image\/","url":"https:\/\/lecoquette.adrirodrigom6.es\/wp-content\/uploads\/2025\/11\/Sin-titulo-250-x-250-px-e1774012720673.png","contentUrl":"https:\/\/lecoquette.adrirodrigom6.es\/wp-content\/uploads\/2025\/11\/Sin-titulo-250-x-250-px-e1774012720673.png","width":204,"height":93,"caption":"Le Coquette"},"image":{"@id":"https:\/\/lecoquette.adrirodrigom6.es\/#\/schema\/logo\/image\/"}}]}},"_links":{"self":[{"href":"https:\/\/lecoquette.adrirodrigom6.es\/ca\/wp-json\/wp\/v2\/pages\/661","targetHints":{"allow":["GET"]}}],"collection":[{"href":"https:\/\/lecoquette.adrirodrigom6.es\/ca\/wp-json\/wp\/v2\/pages"}],"about":[{"href":"https:\/\/lecoquette.adrirodrigom6.es\/ca\/wp-json\/wp\/v2\/types\/page"}],"author":[{"embeddable":true,"href":"https:\/\/lecoquette.adrirodrigom6.es\/ca\/wp-json\/wp\/v2\/users\/8"}],"replies":[{"embeddable":true,"href":"https:\/\/lecoquette.adrirodrigom6.es\/ca\/wp-json\/wp\/v2\/comments?post=661"}],"version-history":[{"count":63,"href":"https:\/\/lecoquette.adrirodrigom6.es\/ca\/wp-json\/wp\/v2\/pages\/661\/revisions"}],"predecessor-version":[{"id":1336,"href":"https:\/\/lecoquette.adrirodrigom6.es\/ca\/wp-json\/wp\/v2\/pages\/661\/revisions\/1336"}],"wp:attachment":[{"href":"https:\/\/lecoquette.adrirodrigom6.es\/ca\/wp-json\/wp\/v2\/media?parent=661"}],"curies":[{"name":"wp","href":"https:\/\/api.w.org\/{rel}","templated":true}]}}